{"id":42,"date":"2016-09-21T10:21:05","date_gmt":"2016-09-21T08:21:05","guid":{"rendered":"http:\/\/www.gaestehaus-hopp-binz.de\/ruegen\/links\/"},"modified":"2022-02-25T19:11:19","modified_gmt":"2022-02-25T18:11:19","slug":"links","status":"publish","type":"page","link":"https:\/\/www.gaestehaus-hopp-binz.de\/ruegen\/links\/","title":{"rendered":"Links"},"content":{"rendered":"\t\t<div data-elementor-type=\"wp-page\" data-elementor-id=\"42\" class=\"elementor elementor-42\" data-elementor-post-type=\"page\">\n\t\t\t\t\t\t<section class=\"elementor-section elementor-top-section elementor-element elementor-element-c42822a elementor-section-boxed elementor-section-height-default elementor-section-height-default\" data-id=\"c42822a\" data-element_type=\"section\" data-e-type=\"section\">\n\t\t\t\t\t\t<div class=\"elementor-container elementor-column-gap-default\">\n\t\t\t\t\t<div class=\"elementor-column elementor-col-100 elementor-top-column elementor-element elementor-element-c7c153d\" data-id=\"c7c153d\" data-element_type=\"column\" data-e-type=\"column\">\n\t\t\t<div class=\"elementor-widget-wrap elementor-element-populated\">\n\t\t\t\t\t\t<div class=\"elementor-element elementor-element-4f1f2cd elementor-widget elementor-widget-heading\" data-id=\"4f1f2cd\" data-element_type=\"widget\" data-e-type=\"widget\" data-widget_type=\"heading.default\">\n\t\t\t\t<div class=\"elementor-widget-container\">\n\t\t\t\t\t<h2 class=\"elementor-heading-title elementor-size-default\">Links<\/h2>\t\t\t\t<\/div>\n\t\t\t\t<\/div>\n\t\t\t\t\t<\/div>\n\t\t<\/div>\n\t\t\t\t\t<\/div>\n\t\t<\/section>\n\t\t\t\t<section class=\"elementor-section elementor-top-section elementor-element elementor-element-6ce1b06 elementor-section-boxed elementor-section-height-default elementor-section-height-default\" data-id=\"6ce1b06\" data-element_type=\"section\" data-e-type=\"section\">\n\t\t\t\t\t\t<div class=\"elementor-container elementor-column-gap-default\">\n\t\t\t\t\t<div class=\"elementor-column elementor-col-100 elementor-top-column elementor-element elementor-element-0a74b11\" data-id=\"0a74b11\" data-element_type=\"column\" data-e-type=\"column\">\n\t\t\t<div class=\"elementor-widget-wrap elementor-element-populated\">\n\t\t\t\t\t\t<div class=\"elementor-element elementor-element-4167c29 elementor-widget elementor-widget-text-editor\" data-id=\"4167c29\" data-element_type=\"widget\" data-e-type=\"widget\" data-widget_type=\"text-editor.default\">\n\t\t\t\t<div class=\"elementor-widget-container\">\n\t\t\t\t\t\t\t\t\t<p><strong>Binzer Bucht &#8211; Infos<\/strong><br \/><a href=\"https:\/\/binzer-bucht.de\/\" target=\"_blank\" rel=\"noopener\">https:\/\/binzer-bucht.de\/<\/a><\/p><p><strong>Wetter und Livecam<br \/><\/strong><a href=\"https:\/\/binzer-bucht.de\/webcams\/\"><span style=\"font-weight: bold;\">Binzer Bucht &#8211;<\/span> Webcams<\/a><\/p><p><strong>Wetter und Livecam<br \/><\/strong><a href=\"https:\/\/binzer-bucht.de\/webcams\/\"><span style=\"font-weight: bold;\">Binzer Bucht &#8211; Webcams<\/span><\/a><\/p><p><a title=\"R\u00fcgen\" href=\"http:\/\/www.ruegen.de\/\" target=\"_blank\" rel=\"noopener\">R\u00fcgen<\/a><br \/>Die offizielle Website der Insel R\u00fcgen<\/p>\t\t\t\t\t\t\t\t<\/div>\n\t\t\t\t<\/div>\n\t\t\t\t\t<\/div>\n\t\t<\/div>\n\t\t\t\t\t<\/div>\n\t\t<\/section>\n\t\t\t\t<section class=\"elementor-section elementor-top-section elementor-element elementor-element-81ac4bb elementor-section-boxed elementor-section-height-default elementor-section-height-default\" data-id=\"81ac4bb\" data-element_type=\"section\" data-e-type=\"section\">\n\t\t\t\t\t\t<div class=\"elementor-container elementor-column-gap-default\">\n\t\t\t\t\t<div class=\"elementor-column elementor-col-100 elementor-top-column elementor-element elementor-element-2523a83\" data-id=\"2523a83\" data-element_type=\"column\" data-e-type=\"column\">\n\t\t\t<div class=\"elementor-widget-wrap elementor-element-populated\">\n\t\t\t\t\t\t<div class=\"elementor-element elementor-element-d0bd9fd elementor-widget-divider--view-line elementor-widget elementor-widget-divider\" data-id=\"d0bd9fd\" data-element_type=\"widget\" data-e-type=\"widget\" data-widget_type=\"divider.default\">\n\t\t\t\t<div class=\"elementor-widget-container\">\n\t\t\t\t\t\t\t<div class=\"elementor-divider\">\n\t\t\t<span class=\"elementor-divider-separator\">\n\t\t\t\t\t\t<\/span>\n\t\t<\/div>\n\t\t\t\t\t\t<\/div>\n\t\t\t\t<\/div>\n\t\t\t\t\t<\/div>\n\t\t<\/div>\n\t\t\t\t\t<\/div>\n\t\t<\/section>\n\t\t\t\t<section class=\"elementor-section elementor-top-section elementor-element elementor-element-4bb57c1 elementor-section-boxed elementor-section-height-default elementor-section-height-default\" data-id=\"4bb57c1\" data-element_type=\"section\" data-e-type=\"section\">\n\t\t\t\t\t\t<div class=\"elementor-container elementor-column-gap-default\">\n\t\t\t\t\t<div class=\"elementor-column elementor-col-100 elementor-top-column elementor-element elementor-element-6122681\" data-id=\"6122681\" data-element_type=\"column\" data-e-type=\"column\">\n\t\t\t<div class=\"elementor-widget-wrap elementor-element-populated\">\n\t\t\t\t\t\t<div class=\"elementor-element elementor-element-3ea34e4 elementor-widget elementor-widget-text-editor\" data-id=\"3ea34e4\" data-element_type=\"widget\" data-e-type=\"widget\" data-widget_type=\"text-editor.default\">\n\t\t\t\t<div class=\"elementor-widget-container\">\n\t\t\t\t\t\t\t\t\t<div class=\"art-content-layout\"><div class=\"art-content-layout-row\"><div class=\"art-layout-cell layout-item-1\" style=\"width: 100%;\"><p><a title=\"Zahnarzt Dr. med. Michael Hopp\" href=\"http:\/\/www.dr-michael-hopp.de\/\" target=\"_blank\" rel=\"noopener\">Zahnarzt Dr. med. Michael Hopp<\/a><br \/>Kranoldplatz 5, 12209 Berlin<\/p><\/div><\/div><\/div><div class=\"art-content-layout-br layout-item-0\">\u00a0<\/div>\t\t\t\t\t\t\t\t<\/div>\n\t\t\t\t<\/div>\n\t\t\t\t\t<\/div>\n\t\t<\/div>\n\t\t\t\t\t<\/div>\n\t\t<\/section>\n\t\t\t\t<\/div>\n\t\t","protected":false},"excerpt":{"rendered":"<p>Links Binzer Bucht &#8211; Infoshttps:\/\/binzer-bucht.de\/ Wetter und LivecamBinzer Bucht &#8211; Webcams Wetter und LivecamBinzer Bucht &#8211; Webcams R\u00fcgenDie offizielle Website der Insel R\u00fcgen Zahnarzt Dr. med. Michael HoppKranoldplatz 5, 12209 Berlin \u00a0<\/p>\n","protected":false},"author":1,"featured_media":0,"parent":0,"menu_order":8,"comment_status":"closed","ping_status":"closed","template":"","meta":{"_themeisle_gutenberg_block_has_review":false,"footnotes":""},"class_list":["post-42","page","type-page","status-publish","hentry"],"yoast_head":"<!-- This site is optimized with the Yoast SEO plugin v27.6 - https:\/\/yoast.com\/product\/yoast-seo-wordpress\/ -->\n<title>Links - G\u00e4stehaus Hopp in Binz auf R\u00fcgen - Deutschland<\/title>\n<meta name=\"description\" content=\"Hier finden Sie Links zum Seebad Binz und unserer Insel R\u00fcgen.\" \/>\n<meta name=\"robots\" content=\"index, follow, max-snippet:-1, max-image-preview:large, max-video-preview:-1\" \/>\n<link rel=\"canonical\" href=\"https:\/\/www.gaestehaus-hopp-binz.de\/ruegen\/links\/\" \/>\n<meta property=\"og:locale\" content=\"de_DE\" \/>\n<meta property=\"og:type\" content=\"article\" \/>\n<meta property=\"og:title\" content=\"Links - G\u00e4stehaus Hopp in Binz auf R\u00fcgen - Deutschland\" \/>\n<meta property=\"og:description\" content=\"Hier finden Sie Links zum Seebad Binz und unserer Insel R\u00fcgen.\" \/>\n<meta property=\"og:url\" content=\"https:\/\/www.gaestehaus-hopp-binz.de\/ruegen\/links\/\" \/>\n<meta property=\"og:site_name\" content=\"G\u00e4stehaus Hopp - Binz - R\u00fcgen\" \/>\n<meta property=\"article:modified_time\" content=\"2022-02-25T18:11:19+00:00\" \/>\n<meta name=\"twitter:card\" content=\"summary_large_image\" \/>\n<meta name=\"twitter:label1\" content=\"Gesch\u00e4tzte Lesezeit\" \/>\n\t<meta name=\"twitter:data1\" content=\"1\u00a0Minute\" \/>\n<script type=\"application\/ld+json\" class=\"yoast-schema-graph\">{\"@context\":\"https:\\\/\\\/schema.org\",\"@graph\":[{\"@type\":\"WebPage\",\"@id\":\"https:\\\/\\\/www.gaestehaus-hopp-binz.de\\\/ruegen\\\/links\\\/\",\"url\":\"https:\\\/\\\/www.gaestehaus-hopp-binz.de\\\/ruegen\\\/links\\\/\",\"name\":\"Links - G\u00e4stehaus Hopp in Binz auf R\u00fcgen - Deutschland\",\"isPartOf\":{\"@id\":\"https:\\\/\\\/www.gaestehaus-hopp-binz.de\\\/ruegen\\\/#website\"},\"datePublished\":\"2016-09-21T08:21:05+00:00\",\"dateModified\":\"2022-02-25T18:11:19+00:00\",\"description\":\"Hier finden Sie Links zum Seebad Binz und unserer Insel R\u00fcgen.\",\"breadcrumb\":{\"@id\":\"https:\\\/\\\/www.gaestehaus-hopp-binz.de\\\/ruegen\\\/links\\\/#breadcrumb\"},\"inLanguage\":\"de\",\"potentialAction\":[{\"@type\":\"ReadAction\",\"target\":[\"https:\\\/\\\/www.gaestehaus-hopp-binz.de\\\/ruegen\\\/links\\\/\"]}]},{\"@type\":\"BreadcrumbList\",\"@id\":\"https:\\\/\\\/www.gaestehaus-hopp-binz.de\\\/ruegen\\\/links\\\/#breadcrumb\",\"itemListElement\":[{\"@type\":\"ListItem\",\"position\":1,\"name\":\"Startseite\",\"item\":\"https:\\\/\\\/www.gaestehaus-hopp-binz.de\\\/ruegen\\\/\"},{\"@type\":\"ListItem\",\"position\":2,\"name\":\"Links\"}]},{\"@type\":\"WebSite\",\"@id\":\"https:\\\/\\\/www.gaestehaus-hopp-binz.de\\\/ruegen\\\/#website\",\"url\":\"https:\\\/\\\/www.gaestehaus-hopp-binz.de\\\/ruegen\\\/\",\"name\":\"G\u00e4stehaus Hopp - Binz - R\u00fcgen\",\"description\":\"\",\"potentialAction\":[{\"@type\":\"SearchAction\",\"target\":{\"@type\":\"EntryPoint\",\"urlTemplate\":\"https:\\\/\\\/www.gaestehaus-hopp-binz.de\\\/ruegen\\\/?s={search_term_string}\"},\"query-input\":{\"@type\":\"PropertyValueSpecification\",\"valueRequired\":true,\"valueName\":\"search_term_string\"}}],\"inLanguage\":\"de\"}]}<\/script>\n<!-- \/ Yoast SEO plugin. -->","yoast_head_json":{"title":"Links - G\u00e4stehaus Hopp in Binz auf R\u00fcgen - Deutschland","description":"Hier finden Sie Links zum Seebad Binz und unserer Insel R\u00fcgen.","robots":{"index":"index","follow":"follow","max-snippet":"max-snippet:-1","max-image-preview":"max-image-preview:large","max-video-preview":"max-video-preview:-1"},"canonical":"https:\/\/www.gaestehaus-hopp-binz.de\/ruegen\/links\/","og_locale":"de_DE","og_type":"article","og_title":"Links - G\u00e4stehaus Hopp in Binz auf R\u00fcgen - Deutschland","og_description":"Hier finden Sie Links zum Seebad Binz und unserer Insel R\u00fcgen.","og_url":"https:\/\/www.gaestehaus-hopp-binz.de\/ruegen\/links\/","og_site_name":"G\u00e4stehaus Hopp - Binz - R\u00fcgen","article_modified_time":"2022-02-25T18:11:19+00:00","twitter_card":"summary_large_image","twitter_misc":{"Gesch\u00e4tzte Lesezeit":"1\u00a0Minute"},"schema":{"@context":"https:\/\/schema.org","@graph":[{"@type":"WebPage","@id":"https:\/\/www.gaestehaus-hopp-binz.de\/ruegen\/links\/","url":"https:\/\/www.gaestehaus-hopp-binz.de\/ruegen\/links\/","name":"Links - G\u00e4stehaus Hopp in Binz auf R\u00fcgen - Deutschland","isPartOf":{"@id":"https:\/\/www.gaestehaus-hopp-binz.de\/ruegen\/#website"},"datePublished":"2016-09-21T08:21:05+00:00","dateModified":"2022-02-25T18:11:19+00:00","description":"Hier finden Sie Links zum Seebad Binz und unserer Insel R\u00fcgen.","breadcrumb":{"@id":"https:\/\/www.gaestehaus-hopp-binz.de\/ruegen\/links\/#breadcrumb"},"inLanguage":"de","potentialAction":[{"@type":"ReadAction","target":["https:\/\/www.gaestehaus-hopp-binz.de\/ruegen\/links\/"]}]},{"@type":"BreadcrumbList","@id":"https:\/\/www.gaestehaus-hopp-binz.de\/ruegen\/links\/#breadcrumb","itemListElement":[{"@type":"ListItem","position":1,"name":"Startseite","item":"https:\/\/www.gaestehaus-hopp-binz.de\/ruegen\/"},{"@type":"ListItem","position":2,"name":"Links"}]},{"@type":"WebSite","@id":"https:\/\/www.gaestehaus-hopp-binz.de\/ruegen\/#website","url":"https:\/\/www.gaestehaus-hopp-binz.de\/ruegen\/","name":"G\u00e4stehaus Hopp - Binz - R\u00fcgen","description":"","potentialAction":[{"@type":"SearchAction","target":{"@type":"EntryPoint","urlTemplate":"https:\/\/www.gaestehaus-hopp-binz.de\/ruegen\/?s={search_term_string}"},"query-input":{"@type":"PropertyValueSpecification","valueRequired":true,"valueName":"search_term_string"}}],"inLanguage":"de"}]}},"_links":{"self":[{"href":"https:\/\/www.gaestehaus-hopp-binz.de\/ruegen\/wp-json\/wp\/v2\/pages\/42","targetHints":{"allow":["GET"]}}],"collection":[{"href":"https:\/\/www.gaestehaus-hopp-binz.de\/ruegen\/wp-json\/wp\/v2\/pages"}],"about":[{"href":"https:\/\/www.gaestehaus-hopp-binz.de\/ruegen\/wp-json\/wp\/v2\/types\/page"}],"author":[{"embeddable":true,"href":"https:\/\/www.gaestehaus-hopp-binz.de\/ruegen\/wp-json\/wp\/v2\/users\/1"}],"replies":[{"embeddable":true,"href":"https:\/\/www.gaestehaus-hopp-binz.de\/ruegen\/wp-json\/wp\/v2\/comments?post=42"}],"version-history":[{"count":5,"href":"https:\/\/www.gaestehaus-hopp-binz.de\/ruegen\/wp-json\/wp\/v2\/pages\/42\/revisions"}],"predecessor-version":[{"id":239,"href":"https:\/\/www.gaestehaus-hopp-binz.de\/ruegen\/wp-json\/wp\/v2\/pages\/42\/revisions\/239"}],"wp:attachment":[{"href":"https:\/\/www.gaestehaus-hopp-binz.de\/ruegen\/wp-json\/wp\/v2\/media?parent=42"}],"curies":[{"name":"wp","href":"https:\/\/api.w.org\/{rel}","templated":true}]}}