{"id":41,"date":"2016-09-21T10:21:04","date_gmt":"2016-09-21T08:21:04","guid":{"rendered":"http:\/\/www.gaestehaus-hopp-binz.de\/ruegen\/kontakt\/"},"modified":"2026-03-10T10:00:56","modified_gmt":"2026-03-10T09:00:56","slug":"kontakt","status":"publish","type":"page","link":"https:\/\/www.gaestehaus-hopp-binz.de\/ruegen\/kontakt\/","title":{"rendered":"Kontakt"},"content":{"rendered":"\t\t<div data-elementor-type=\"wp-page\" data-elementor-id=\"41\" class=\"elementor elementor-41\" data-elementor-post-type=\"page\">\n\t\t\t\t\t\t<section class=\"elementor-section elementor-top-section elementor-element elementor-element-941de00 elementor-section-boxed elementor-section-height-default elementor-section-height-default\" data-id=\"941de00\" data-element_type=\"section\" data-e-type=\"section\">\n\t\t\t\t\t\t<div class=\"elementor-container elementor-column-gap-default\">\n\t\t\t\t\t<div class=\"elementor-column elementor-col-100 elementor-top-column elementor-element elementor-element-6011253\" data-id=\"6011253\" data-element_type=\"column\" data-e-type=\"column\">\n\t\t\t<div class=\"elementor-widget-wrap elementor-element-populated\">\n\t\t\t\t\t\t<div class=\"elementor-element elementor-element-d0cda77 elementor-widget elementor-widget-spacer\" data-id=\"d0cda77\" data-element_type=\"widget\" data-e-type=\"widget\" data-widget_type=\"spacer.default\">\n\t\t\t\t<div class=\"elementor-widget-container\">\n\t\t\t\t\t\t\t<div class=\"elementor-spacer\">\n\t\t\t<div class=\"elementor-spacer-inner\"><\/div>\n\t\t<\/div>\n\t\t\t\t\t\t<\/div>\n\t\t\t\t<\/div>\n\t\t\t\t\t<\/div>\n\t\t<\/div>\n\t\t\t\t\t<\/div>\n\t\t<\/section>\n\t\t\t\t<section class=\"elementor-section elementor-top-section elementor-element elementor-element-e4f12e0 elementor-section-boxed elementor-section-height-default elementor-section-height-default\" data-id=\"e4f12e0\" data-element_type=\"section\" data-e-type=\"section\">\n\t\t\t\t\t\t<div class=\"elementor-container elementor-column-gap-default\">\n\t\t\t\t\t<div class=\"elementor-column elementor-col-100 elementor-top-column elementor-element elementor-element-a853ac6\" data-id=\"a853ac6\" data-element_type=\"column\" data-e-type=\"column\">\n\t\t\t<div class=\"elementor-widget-wrap elementor-element-populated\">\n\t\t\t\t\t\t<div class=\"elementor-element elementor-element-154fbd7 elementor-widget elementor-widget-heading\" data-id=\"154fbd7\" data-element_type=\"widget\" data-e-type=\"widget\" data-widget_type=\"heading.default\">\n\t\t\t\t<div class=\"elementor-widget-container\">\n\t\t\t\t\t<h2 class=\"elementor-heading-title elementor-size-default\">Kontakt<\/h2>\t\t\t\t<\/div>\n\t\t\t\t<\/div>\n\t\t\t\t\t<\/div>\n\t\t<\/div>\n\t\t\t\t\t<\/div>\n\t\t<\/section>\n\t\t\t\t<section class=\"elementor-section elementor-top-section elementor-element elementor-element-1b438c0 elementor-section-boxed elementor-section-height-default elementor-section-height-default\" data-id=\"1b438c0\" data-element_type=\"section\" data-e-type=\"section\">\n\t\t\t\t\t\t<div class=\"elementor-container elementor-column-gap-default\">\n\t\t\t\t\t<div class=\"elementor-column elementor-col-100 elementor-top-column elementor-element elementor-element-fc26a2e\" data-id=\"fc26a2e\" data-element_type=\"column\" data-e-type=\"column\">\n\t\t\t<div class=\"elementor-widget-wrap elementor-element-populated\">\n\t\t\t\t\t\t<div class=\"elementor-element elementor-element-e6f1c41 elementor-widget-divider--view-line elementor-widget elementor-widget-divider\" data-id=\"e6f1c41\" data-element_type=\"widget\" data-e-type=\"widget\" data-widget_type=\"divider.default\">\n\t\t\t\t<div class=\"elementor-widget-container\">\n\t\t\t\t\t\t\t<div class=\"elementor-divider\">\n\t\t\t<span class=\"elementor-divider-separator\">\n\t\t\t\t\t\t<\/span>\n\t\t<\/div>\n\t\t\t\t\t\t<\/div>\n\t\t\t\t<\/div>\n\t\t\t\t\t<\/div>\n\t\t<\/div>\n\t\t\t\t\t<\/div>\n\t\t<\/section>\n\t\t\t\t<section class=\"elementor-section elementor-top-section elementor-element elementor-element-226b91b elementor-section-boxed elementor-section-height-default elementor-section-height-default\" data-id=\"226b91b\" data-element_type=\"section\" data-e-type=\"section\">\n\t\t\t\t\t\t<div class=\"elementor-container elementor-column-gap-default\">\n\t\t\t\t\t<div class=\"elementor-column elementor-col-50 elementor-top-column elementor-element elementor-element-5c10a9f\" data-id=\"5c10a9f\" data-element_type=\"column\" data-e-type=\"column\">\n\t\t\t<div class=\"elementor-widget-wrap elementor-element-populated\">\n\t\t\t\t\t\t<div class=\"elementor-element elementor-element-16376f3 elementor-button-align-stretch elementor-widget elementor-widget-form\" data-id=\"16376f3\" data-element_type=\"widget\" data-e-type=\"widget\" data-settings=\"{&quot;step_next_label&quot;:&quot;N\\u00e4chster&quot;,&quot;step_previous_label&quot;:&quot;Voriger&quot;,&quot;button_width&quot;:&quot;100&quot;,&quot;step_type&quot;:&quot;number_text&quot;,&quot;step_icon_shape&quot;:&quot;circle&quot;}\" data-widget_type=\"form.default\">\n\t\t\t\t<div class=\"elementor-widget-container\">\n\t\t\t\t\t\t\t<form class=\"elementor-form\" method=\"post\" name=\"Neues Formular\" aria-label=\"Neues Formular\">\n\t\t\t<input type=\"hidden\" name=\"post_id\" value=\"41\"\/>\n\t\t\t<input type=\"hidden\" name=\"form_id\" value=\"16376f3\"\/>\n\t\t\t<input type=\"hidden\" name=\"referer_title\" value=\"G\u00e4stehaus Hopp &#8211; Binz &#8211; R\u00fcgen\" \/>\n\n\t\t\t\n\t\t\t<div class=\"elementor-form-fields-wrapper elementor-labels-above\">\n\t\t\t\t\t\t\t\t<div class=\"elementor-field-type-text elementor-field-group elementor-column elementor-field-group-name elementor-col-100 elementor-field-required elementor-mark-required\">\n\t\t\t\t\t\t\t\t\t\t\t\t<label for=\"form-field-name\" class=\"elementor-field-label\">\n\t\t\t\t\t\t\t\tName\t\t\t\t\t\t\t<\/label>\n\t\t\t\t\t\t\t\t\t\t\t\t\t\t<input size=\"1\" type=\"text\" name=\"form_fields[name]\" id=\"form-field-name\" class=\"elementor-field elementor-size-sm  elementor-field-textual\" placeholder=\"Name\" required=\"required\">\n\t\t\t\t\t\t\t\t\t\t\t<\/div>\n\t\t\t\t\t\t\t\t<div class=\"elementor-field-type-email elementor-field-group elementor-column elementor-field-group-email elementor-col-100 elementor-field-required elementor-mark-required\">\n\t\t\t\t\t\t\t\t\t\t\t\t<label for=\"form-field-email\" class=\"elementor-field-label\">\n\t\t\t\t\t\t\t\tE-Mail\t\t\t\t\t\t\t<\/label>\n\t\t\t\t\t\t\t\t\t\t\t\t\t\t<input size=\"1\" type=\"email\" name=\"form_fields[email]\" id=\"form-field-email\" class=\"elementor-field elementor-size-sm  elementor-field-textual\" placeholder=\"E-Mail\" required=\"required\">\n\t\t\t\t\t\t\t\t\t\t\t<\/div>\n\t\t\t\t\t\t\t\t<div class=\"elementor-field-type-textarea elementor-field-group elementor-column elementor-field-group-message elementor-col-100 elementor-field-required elementor-mark-required\">\n\t\t\t\t\t\t\t\t\t\t\t\t<label for=\"form-field-message\" class=\"elementor-field-label\">\n\t\t\t\t\t\t\t\tNachricht\t\t\t\t\t\t\t<\/label>\n\t\t\t\t\t\t<textarea class=\"elementor-field-textual elementor-field  elementor-size-sm\" name=\"form_fields[message]\" id=\"form-field-message\" rows=\"4\" placeholder=\"Nachricht\" required=\"required\"><\/textarea>\t\t\t\t<\/div>\n\t\t\t\t\t\t\t\t<div class=\"elementor-field-type-checkbox elementor-field-group elementor-column elementor-field-group-field_8e1200f elementor-col-100\">\n\t\t\t\t\t<div class=\"elementor-field-subgroup  \"><span class=\"elementor-field-option\"><input type=\"checkbox\" value=\"* Ich habe die Datenschutzerkl\u00e4rung zur Kenntnis genommen.\" id=\"form-field-field_8e1200f-0\" name=\"form_fields[field_8e1200f]\"> <label for=\"form-field-field_8e1200f-0\">* Ich habe die Datenschutzerkl\u00e4rung zur Kenntnis genommen.<\/label><\/span><\/div>\t\t\t\t<\/div>\n\t\t\t\t\t\t\t\t<div class=\"elementor-field-type-text\">\n\t\t\t\t\t<input size=\"1\" type=\"text\" name=\"form_fields[field_e13ca8c]\" id=\"form-field-field_e13ca8c\" class=\"elementor-field elementor-size-sm \" style=\"display:none !important;\">\t\t\t\t<\/div>\n\t\t\t\t\t\t\t\t<div class=\"elementor-field-group elementor-column elementor-field-type-submit elementor-col-100 e-form__buttons\">\n\t\t\t\t\t<button class=\"elementor-button elementor-size-sm\" type=\"submit\">\n\t\t\t\t\t\t<span class=\"elementor-button-content-wrapper\">\n\t\t\t\t\t\t\t\t\t\t\t\t\t\t\t\t\t\t\t\t\t\t<span class=\"elementor-button-text\">Senden<\/span>\n\t\t\t\t\t\t\t\t\t\t\t\t\t<\/span>\n\t\t\t\t\t<\/button>\n\t\t\t\t<\/div>\n\t\t\t<\/div>\n\t\t<\/form>\n\t\t\t\t\t\t<\/div>\n\t\t\t\t<\/div>\n\t\t\t\t<div class=\"elementor-element elementor-element-ac8bca1 elementor-widget elementor-widget-text-editor\" data-id=\"ac8bca1\" data-element_type=\"widget\" data-e-type=\"widget\" data-widget_type=\"text-editor.default\">\n\t\t\t\t<div class=\"elementor-widget-container\">\n\t\t\t\t\t\t\t\t\t<p>* Ich habe die <a href=\"https:\/\/www.gaestehaus-hopp-binz.de\/ruegen\/datenschutz\/\">Datenschutzerkl\u00e4rung<\/a> zur Kenntnis genommen. Ich stimme zu, dass meine Angaben und Daten zur Beantwortung meiner Anfrage elektronisch erhoben und gespeichert werden. Hinweis: Sie k\u00f6nnen Ihre Einwilligung jederzeit f\u00fcr die Zukunft per <strong>E-Mail:<\/strong> <a href=\"mailto:info@gaestehaus-hopp-binz.de\">info@gaestehaus-hopp-binz.de<\/a> widerrufen.<\/p>\t\t\t\t\t\t\t\t<\/div>\n\t\t\t\t<\/div>\n\t\t\t\t\t<\/div>\n\t\t<\/div>\n\t\t\t\t<div class=\"elementor-column elementor-col-50 elementor-top-column elementor-element elementor-element-5aa1d6d\" data-id=\"5aa1d6d\" data-element_type=\"column\" data-e-type=\"column\">\n\t\t\t<div class=\"elementor-widget-wrap elementor-element-populated\">\n\t\t\t\t\t\t<div class=\"elementor-element elementor-element-0c9caea elementor-widget elementor-widget-text-editor\" data-id=\"0c9caea\" data-element_type=\"widget\" data-e-type=\"widget\" data-widget_type=\"text-editor.default\">\n\t\t\t\t<div class=\"elementor-widget-container\">\n\t\t\t\t\t\t\t\t\t<h2 style=\"text-align: left;\">G\u00e4stehaus Hopp<\/h2><p style=\"text-align: left;\">Dollahner Strasse 16<br \/>18609 Binz\/R\u00fcgen<br \/><span style=\"font-weight: bold;\">Mobil:<\/span> 0172 3864324<br \/><strong>E-Mail:<\/strong> <a href=\"mailto:info@gaestehaus-hopp-binz.de\">info@gaestehaus-hopp-binz.de<\/a><\/p>\t\t\t\t\t\t\t\t<\/div>\n\t\t\t\t<\/div>\n\t\t\t\t\t<\/div>\n\t\t<\/div>\n\t\t\t\t\t<\/div>\n\t\t<\/section>\n\t\t\t\t<\/div>\n\t\t","protected":false},"excerpt":{"rendered":"<p>Kontakt * Ich habe die Datenschutzerkl\u00e4rung zur Kenntnis genommen. Ich stimme zu, dass meine Angaben und Daten zur Beantwortung meiner Anfrage elektronisch erhoben und gespeichert werden. Hinweis: Sie k\u00f6nnen Ihre Einwilligung jederzeit f\u00fcr die Zukunft per E-Mail: info@gaestehaus-hopp-binz.de widerrufen. G\u00e4stehaus Hopp Dollahner Strasse 1618609 Binz\/R\u00fcgenMobil: 0172 3864324E-Mail: info@gaestehaus-hopp-binz.de<\/p>\n","protected":false},"author":1,"featured_media":0,"parent":0,"menu_order":7,"comment_status":"closed","ping_status":"closed","template":"","meta":{"_themeisle_gutenberg_block_has_review":false,"footnotes":""},"class_list":["post-41","page","type-page","status-publish","hentry"],"yoast_head":"<!-- This site is optimized with the Yoast SEO plugin v27.4 - https:\/\/yoast.com\/product\/yoast-seo-wordpress\/ -->\n<title>Kontakt - G\u00e4stehaus Hopp in Binz auf R\u00fcgen - Deustchland<\/title>\n<meta name=\"description\" content=\"Wir pflegen noch den pers\u00f6nlichen Kontakt. Rufen Sie uns an! Tel.\/Fax: (038393) 31246 Mobil: 0172 3864324.\" \/>\n<meta name=\"robots\" content=\"index, follow, max-snippet:-1, max-image-preview:large, max-video-preview:-1\" \/>\n<link rel=\"canonical\" href=\"https:\/\/www.gaestehaus-hopp-binz.de\/ruegen\/kontakt\/\" \/>\n<meta property=\"og:locale\" content=\"de_DE\" \/>\n<meta property=\"og:type\" content=\"article\" \/>\n<meta property=\"og:title\" content=\"Kontakt - G\u00e4stehaus Hopp in Binz auf R\u00fcgen - Deustchland\" \/>\n<meta property=\"og:description\" content=\"Wir pflegen noch den pers\u00f6nlichen Kontakt. Rufen Sie uns an! Tel.\/Fax: (038393) 31246 Mobil: 0172 3864324.\" \/>\n<meta property=\"og:url\" content=\"https:\/\/www.gaestehaus-hopp-binz.de\/ruegen\/kontakt\/\" \/>\n<meta property=\"og:site_name\" content=\"G\u00e4stehaus Hopp - Binz - R\u00fcgen\" \/>\n<meta property=\"article:modified_time\" content=\"2026-03-10T09:00:56+00:00\" \/>\n<meta name=\"twitter:card\" content=\"summary_large_image\" \/>\n<meta name=\"twitter:label1\" content=\"Gesch\u00e4tzte Lesezeit\" \/>\n\t<meta name=\"twitter:data1\" content=\"1\u00a0Minute\" \/>\n<script type=\"application\/ld+json\" class=\"yoast-schema-graph\">{\"@context\":\"https:\\\/\\\/schema.org\",\"@graph\":[{\"@type\":\"WebPage\",\"@id\":\"https:\\\/\\\/www.gaestehaus-hopp-binz.de\\\/ruegen\\\/kontakt\\\/\",\"url\":\"https:\\\/\\\/www.gaestehaus-hopp-binz.de\\\/ruegen\\\/kontakt\\\/\",\"name\":\"Kontakt - G\u00e4stehaus Hopp in Binz auf R\u00fcgen - Deustchland\",\"isPartOf\":{\"@id\":\"https:\\\/\\\/www.gaestehaus-hopp-binz.de\\\/ruegen\\\/#website\"},\"datePublished\":\"2016-09-21T08:21:04+00:00\",\"dateModified\":\"2026-03-10T09:00:56+00:00\",\"description\":\"Wir pflegen noch den pers\u00f6nlichen Kontakt. Rufen Sie uns an! Tel.\\\/Fax: (038393) 31246 Mobil: 0172 3864324.\",\"breadcrumb\":{\"@id\":\"https:\\\/\\\/www.gaestehaus-hopp-binz.de\\\/ruegen\\\/kontakt\\\/#breadcrumb\"},\"inLanguage\":\"de\",\"potentialAction\":[{\"@type\":\"ReadAction\",\"target\":[\"https:\\\/\\\/www.gaestehaus-hopp-binz.de\\\/ruegen\\\/kontakt\\\/\"]}]},{\"@type\":\"BreadcrumbList\",\"@id\":\"https:\\\/\\\/www.gaestehaus-hopp-binz.de\\\/ruegen\\\/kontakt\\\/#breadcrumb\",\"itemListElement\":[{\"@type\":\"ListItem\",\"position\":1,\"name\":\"Startseite\",\"item\":\"https:\\\/\\\/www.gaestehaus-hopp-binz.de\\\/ruegen\\\/\"},{\"@type\":\"ListItem\",\"position\":2,\"name\":\"Kontakt\"}]},{\"@type\":\"WebSite\",\"@id\":\"https:\\\/\\\/www.gaestehaus-hopp-binz.de\\\/ruegen\\\/#website\",\"url\":\"https:\\\/\\\/www.gaestehaus-hopp-binz.de\\\/ruegen\\\/\",\"name\":\"G\u00e4stehaus Hopp - Binz - R\u00fcgen\",\"description\":\"\",\"potentialAction\":[{\"@type\":\"SearchAction\",\"target\":{\"@type\":\"EntryPoint\",\"urlTemplate\":\"https:\\\/\\\/www.gaestehaus-hopp-binz.de\\\/ruegen\\\/?s={search_term_string}\"},\"query-input\":{\"@type\":\"PropertyValueSpecification\",\"valueRequired\":true,\"valueName\":\"search_term_string\"}}],\"inLanguage\":\"de\"}]}<\/script>\n<!-- \/ Yoast SEO plugin. -->","yoast_head_json":{"title":"Kontakt - G\u00e4stehaus Hopp in Binz auf R\u00fcgen - Deustchland","description":"Wir pflegen noch den pers\u00f6nlichen Kontakt. Rufen Sie uns an! Tel.\/Fax: (038393) 31246 Mobil: 0172 3864324.","robots":{"index":"index","follow":"follow","max-snippet":"max-snippet:-1","max-image-preview":"max-image-preview:large","max-video-preview":"max-video-preview:-1"},"canonical":"https:\/\/www.gaestehaus-hopp-binz.de\/ruegen\/kontakt\/","og_locale":"de_DE","og_type":"article","og_title":"Kontakt - G\u00e4stehaus Hopp in Binz auf R\u00fcgen - Deustchland","og_description":"Wir pflegen noch den pers\u00f6nlichen Kontakt. Rufen Sie uns an! Tel.\/Fax: (038393) 31246 Mobil: 0172 3864324.","og_url":"https:\/\/www.gaestehaus-hopp-binz.de\/ruegen\/kontakt\/","og_site_name":"G\u00e4stehaus Hopp - Binz - R\u00fcgen","article_modified_time":"2026-03-10T09:00:56+00:00","twitter_card":"summary_large_image","twitter_misc":{"Gesch\u00e4tzte Lesezeit":"1\u00a0Minute"},"schema":{"@context":"https:\/\/schema.org","@graph":[{"@type":"WebPage","@id":"https:\/\/www.gaestehaus-hopp-binz.de\/ruegen\/kontakt\/","url":"https:\/\/www.gaestehaus-hopp-binz.de\/ruegen\/kontakt\/","name":"Kontakt - G\u00e4stehaus Hopp in Binz auf R\u00fcgen - Deustchland","isPartOf":{"@id":"https:\/\/www.gaestehaus-hopp-binz.de\/ruegen\/#website"},"datePublished":"2016-09-21T08:21:04+00:00","dateModified":"2026-03-10T09:00:56+00:00","description":"Wir pflegen noch den pers\u00f6nlichen Kontakt. Rufen Sie uns an! Tel.\/Fax: (038393) 31246 Mobil: 0172 3864324.","breadcrumb":{"@id":"https:\/\/www.gaestehaus-hopp-binz.de\/ruegen\/kontakt\/#breadcrumb"},"inLanguage":"de","potentialAction":[{"@type":"ReadAction","target":["https:\/\/www.gaestehaus-hopp-binz.de\/ruegen\/kontakt\/"]}]},{"@type":"BreadcrumbList","@id":"https:\/\/www.gaestehaus-hopp-binz.de\/ruegen\/kontakt\/#breadcrumb","itemListElement":[{"@type":"ListItem","position":1,"name":"Startseite","item":"https:\/\/www.gaestehaus-hopp-binz.de\/ruegen\/"},{"@type":"ListItem","position":2,"name":"Kontakt"}]},{"@type":"WebSite","@id":"https:\/\/www.gaestehaus-hopp-binz.de\/ruegen\/#website","url":"https:\/\/www.gaestehaus-hopp-binz.de\/ruegen\/","name":"G\u00e4stehaus Hopp - Binz - R\u00fcgen","description":"","potentialAction":[{"@type":"SearchAction","target":{"@type":"EntryPoint","urlTemplate":"https:\/\/www.gaestehaus-hopp-binz.de\/ruegen\/?s={search_term_string}"},"query-input":{"@type":"PropertyValueSpecification","valueRequired":true,"valueName":"search_term_string"}}],"inLanguage":"de"}]}},"_links":{"self":[{"href":"https:\/\/www.gaestehaus-hopp-binz.de\/ruegen\/wp-json\/wp\/v2\/pages\/41","targetHints":{"allow":["GET"]}}],"collection":[{"href":"https:\/\/www.gaestehaus-hopp-binz.de\/ruegen\/wp-json\/wp\/v2\/pages"}],"about":[{"href":"https:\/\/www.gaestehaus-hopp-binz.de\/ruegen\/wp-json\/wp\/v2\/types\/page"}],"author":[{"embeddable":true,"href":"https:\/\/www.gaestehaus-hopp-binz.de\/ruegen\/wp-json\/wp\/v2\/users\/1"}],"replies":[{"embeddable":true,"href":"https:\/\/www.gaestehaus-hopp-binz.de\/ruegen\/wp-json\/wp\/v2\/comments?post=41"}],"version-history":[{"count":32,"href":"https:\/\/www.gaestehaus-hopp-binz.de\/ruegen\/wp-json\/wp\/v2\/pages\/41\/revisions"}],"predecessor-version":[{"id":377,"href":"https:\/\/www.gaestehaus-hopp-binz.de\/ruegen\/wp-json\/wp\/v2\/pages\/41\/revisions\/377"}],"wp:attachment":[{"href":"https:\/\/www.gaestehaus-hopp-binz.de\/ruegen\/wp-json\/wp\/v2\/media?parent=41"}],"curies":[{"name":"wp","href":"https:\/\/api.w.org\/{rel}","templated":true}]}}