{"id":40,"date":"2016-09-21T10:21:03","date_gmt":"2016-09-21T08:21:03","guid":{"rendered":"http:\/\/www.gaestehaus-hopp-binz.de\/ruegen\/anreise\/"},"modified":"2022-02-25T18:59:04","modified_gmt":"2022-02-25T17:59:04","slug":"anreise","status":"publish","type":"page","link":"https:\/\/www.gaestehaus-hopp-binz.de\/ruegen\/anreise\/","title":{"rendered":"Anreise"},"content":{"rendered":"\t\t<div data-elementor-type=\"wp-page\" data-elementor-id=\"40\" class=\"elementor elementor-40\" data-elementor-post-type=\"page\">\n\t\t\t\t\t\t<section class=\"elementor-section elementor-top-section elementor-element elementor-element-3934e3b elementor-section-boxed elementor-section-height-default elementor-section-height-default\" data-id=\"3934e3b\" data-element_type=\"section\" data-e-type=\"section\">\n\t\t\t\t\t\t<div class=\"elementor-container elementor-column-gap-default\">\n\t\t\t\t\t<div class=\"elementor-column elementor-col-100 elementor-top-column elementor-element elementor-element-f4dc94e\" data-id=\"f4dc94e\" data-element_type=\"column\" data-e-type=\"column\">\n\t\t\t<div class=\"elementor-widget-wrap elementor-element-populated\">\n\t\t\t\t\t\t<div class=\"elementor-element elementor-element-17435e4 elementor-widget elementor-widget-heading\" data-id=\"17435e4\" data-element_type=\"widget\" data-e-type=\"widget\" data-widget_type=\"heading.default\">\n\t\t\t\t<div class=\"elementor-widget-container\">\n\t\t\t\t\t<h2 class=\"elementor-heading-title elementor-size-default\">Anreise<\/h2>\t\t\t\t<\/div>\n\t\t\t\t<\/div>\n\t\t\t\t\t<\/div>\n\t\t<\/div>\n\t\t\t\t\t<\/div>\n\t\t<\/section>\n\t\t\t\t<section class=\"elementor-section elementor-top-section elementor-element elementor-element-4c36587 elementor-section-boxed elementor-section-height-default elementor-section-height-default\" data-id=\"4c36587\" data-element_type=\"section\" data-e-type=\"section\">\n\t\t\t\t\t\t<div class=\"elementor-container elementor-column-gap-default\">\n\t\t\t\t\t<div class=\"elementor-column elementor-col-100 elementor-top-column elementor-element elementor-element-ee9984e\" data-id=\"ee9984e\" data-element_type=\"column\" data-e-type=\"column\">\n\t\t\t<div class=\"elementor-widget-wrap elementor-element-populated\">\n\t\t\t\t\t\t<div class=\"elementor-element elementor-element-b97948d elementor-widget elementor-widget-google_maps\" data-id=\"b97948d\" data-element_type=\"widget\" data-e-type=\"widget\" data-widget_type=\"google_maps.default\">\n\t\t\t\t<div class=\"elementor-widget-container\">\n\t\t\t\t\t\t\t<div class=\"elementor-custom-embed\">\n\t\t\t<iframe loading=\"lazy\"\n\t\t\t\t\tsrc=\"https:\/\/maps.google.com\/maps?q=G%C3%A4stehaus%20Hopp%20%20Dollahner%20Strasse%2016%2018609%20Binz%2FR%C3%BCgen&#038;t=m&#038;z=11&#038;output=embed&#038;iwloc=near\"\n\t\t\t\t\ttitle=\"G\u00e4stehaus Hopp  Dollahner Strasse 16 18609 Binz\/R\u00fcgen\"\n\t\t\t\t\taria-label=\"G\u00e4stehaus Hopp  Dollahner Strasse 16 18609 Binz\/R\u00fcgen\"\n\t\t\t><\/iframe>\n\t\t<\/div>\n\t\t\t\t\t\t<\/div>\n\t\t\t\t<\/div>\n\t\t\t\t\t<\/div>\n\t\t<\/div>\n\t\t\t\t\t<\/div>\n\t\t<\/section>\n\t\t\t\t<section class=\"elementor-section elementor-top-section elementor-element elementor-element-03c5a25 elementor-section-boxed elementor-section-height-default elementor-section-height-default\" data-id=\"03c5a25\" data-element_type=\"section\" data-e-type=\"section\">\n\t\t\t\t\t\t<div class=\"elementor-container elementor-column-gap-default\">\n\t\t\t\t\t<div class=\"elementor-column elementor-col-100 elementor-top-column elementor-element elementor-element-2b88a04\" data-id=\"2b88a04\" data-element_type=\"column\" data-e-type=\"column\">\n\t\t\t<div class=\"elementor-widget-wrap elementor-element-populated\">\n\t\t\t\t\t\t<div class=\"elementor-element elementor-element-19e1586 elementor-widget elementor-widget-text-editor\" data-id=\"19e1586\" data-element_type=\"widget\" data-e-type=\"widget\" data-widget_type=\"text-editor.default\">\n\t\t\t\t<div class=\"elementor-widget-container\">\n\t\t\t\t\t\t\t\t\t<h2>Mit dem eigenen PKW<\/h2><p>Durch den Ausbau der Bundesautobahn A20 k\u00f6nnen Sie vom gesamten Bundesgebiet bis an den R\u00fcgendamm per Auto gelangen. \u00dcber die 1936 gebaute Klappbr\u00fccke fahren Sie erst auf den zwischen dem Festland und R\u00fcgen gelegenen D\u00e4nholm und dann weiter via R\u00fcgendamm auf die Insel. Ab 2007 steht dann f\u00fcr eine noch schnellere und komfortable \u00dcberfahrt die neue Strelasundquerung (neuer R\u00fcgendamm parallel zum alten) zur Verf\u00fcgung.<\/p><h2>Mit der Bahn<\/h2><p>Wer lieber mit der Bahn f\u00e4hrt kann mit verschiedenen Z\u00fcgen direkt bis Binz gelangen. Informationen zu den Verbindungen liefert die Bundesbahn. Der Bahnhof ist in etwa 5 Minuten von unserem G\u00e4stehaus erreichbar.<\/p><h2>Fliegen<\/h2><p>F\u00fcr kleine Verkehrs- und Chartermaschinen ist der Flugplatz G\u00fcttin bei Bergen ausgebaut worden. Per Taxis braucht man etwa 25 Minuten f\u00fcr die Anfahrt. Die w\u00e4hrend des 3. Reiches bestehende Wasserflugverbindung zwischen Sellin und Berlin ist bis heute nicht wieder aktiviert worden. Die n\u00e4chsten Flugpl\u00e4tze auf dem Festland sind Laage bei Rostock und Trollenhagen bei Neubrandenburg.<\/p>\t\t\t\t\t\t\t\t<\/div>\n\t\t\t\t<\/div>\n\t\t\t\t\t<\/div>\n\t\t<\/div>\n\t\t\t\t\t<\/div>\n\t\t<\/section>\n\t\t\t\t<\/div>\n\t\t","protected":false},"excerpt":{"rendered":"<p>Anreise Mit dem eigenen PKW Durch den Ausbau der Bundesautobahn A20 k\u00f6nnen Sie vom gesamten Bundesgebiet bis an den R\u00fcgendamm per Auto gelangen. \u00dcber die 1936 gebaute Klappbr\u00fccke fahren Sie erst auf den zwischen dem Festland und R\u00fcgen gelegenen D\u00e4nholm und dann weiter via R\u00fcgendamm auf die Insel. Ab 2007 steht dann f\u00fcr eine noch [&hellip;]<\/p>\n","protected":false},"author":1,"featured_media":0,"parent":0,"menu_order":6,"comment_status":"closed","ping_status":"closed","template":"","meta":{"_themeisle_gutenberg_block_has_review":false,"footnotes":""},"class_list":["post-40","page","type-page","status-publish","hentry"],"yoast_head":"<!-- This site is optimized with the Yoast SEO plugin v27.6 - https:\/\/yoast.com\/product\/yoast-seo-wordpress\/ -->\n<title>Anreise - G\u00e4stehaus Hopp in Binz auf R\u00fcgen - Deutschland<\/title>\n<meta name=\"description\" content=\"Anreise mi Auto, Zug oder sogar per Flug ist m\u00f6glich. Das G\u00e4stehaus Hopp in Binz auf R\u00fcgen - Deutschlands gr\u00f6\u00dfte Insel, freut sich auf Sie!\" \/>\n<meta name=\"robots\" content=\"index, follow, max-snippet:-1, max-image-preview:large, max-video-preview:-1\" \/>\n<link rel=\"canonical\" href=\"https:\/\/www.gaestehaus-hopp-binz.de\/ruegen\/anreise\/\" \/>\n<meta property=\"og:locale\" content=\"de_DE\" \/>\n<meta property=\"og:type\" content=\"article\" \/>\n<meta property=\"og:title\" content=\"Anreise - G\u00e4stehaus Hopp in Binz auf R\u00fcgen - Deutschland\" \/>\n<meta property=\"og:description\" content=\"Anreise mi Auto, Zug oder sogar per Flug ist m\u00f6glich. Das G\u00e4stehaus Hopp in Binz auf R\u00fcgen - Deutschlands gr\u00f6\u00dfte Insel, freut sich auf Sie!\" \/>\n<meta property=\"og:url\" content=\"https:\/\/www.gaestehaus-hopp-binz.de\/ruegen\/anreise\/\" \/>\n<meta property=\"og:site_name\" content=\"G\u00e4stehaus Hopp - Binz - R\u00fcgen\" \/>\n<meta property=\"article:modified_time\" content=\"2022-02-25T17:59:04+00:00\" \/>\n<meta name=\"twitter:card\" content=\"summary_large_image\" \/>\n<meta name=\"twitter:label1\" content=\"Gesch\u00e4tzte Lesezeit\" \/>\n\t<meta name=\"twitter:data1\" content=\"1\u00a0Minute\" \/>\n<script type=\"application\/ld+json\" class=\"yoast-schema-graph\">{\"@context\":\"https:\\\/\\\/schema.org\",\"@graph\":[{\"@type\":\"WebPage\",\"@id\":\"https:\\\/\\\/www.gaestehaus-hopp-binz.de\\\/ruegen\\\/anreise\\\/\",\"url\":\"https:\\\/\\\/www.gaestehaus-hopp-binz.de\\\/ruegen\\\/anreise\\\/\",\"name\":\"Anreise - G\u00e4stehaus Hopp in Binz auf R\u00fcgen - Deutschland\",\"isPartOf\":{\"@id\":\"https:\\\/\\\/www.gaestehaus-hopp-binz.de\\\/ruegen\\\/#website\"},\"datePublished\":\"2016-09-21T08:21:03+00:00\",\"dateModified\":\"2022-02-25T17:59:04+00:00\",\"description\":\"Anreise mi Auto, Zug oder sogar per Flug ist m\u00f6glich. Das G\u00e4stehaus Hopp in Binz auf R\u00fcgen - Deutschlands gr\u00f6\u00dfte Insel, freut sich auf Sie!\",\"breadcrumb\":{\"@id\":\"https:\\\/\\\/www.gaestehaus-hopp-binz.de\\\/ruegen\\\/anreise\\\/#breadcrumb\"},\"inLanguage\":\"de\",\"potentialAction\":[{\"@type\":\"ReadAction\",\"target\":[\"https:\\\/\\\/www.gaestehaus-hopp-binz.de\\\/ruegen\\\/anreise\\\/\"]}]},{\"@type\":\"BreadcrumbList\",\"@id\":\"https:\\\/\\\/www.gaestehaus-hopp-binz.de\\\/ruegen\\\/anreise\\\/#breadcrumb\",\"itemListElement\":[{\"@type\":\"ListItem\",\"position\":1,\"name\":\"Startseite\",\"item\":\"https:\\\/\\\/www.gaestehaus-hopp-binz.de\\\/ruegen\\\/\"},{\"@type\":\"ListItem\",\"position\":2,\"name\":\"Anreise\"}]},{\"@type\":\"WebSite\",\"@id\":\"https:\\\/\\\/www.gaestehaus-hopp-binz.de\\\/ruegen\\\/#website\",\"url\":\"https:\\\/\\\/www.gaestehaus-hopp-binz.de\\\/ruegen\\\/\",\"name\":\"G\u00e4stehaus Hopp - Binz - R\u00fcgen\",\"description\":\"\",\"potentialAction\":[{\"@type\":\"SearchAction\",\"target\":{\"@type\":\"EntryPoint\",\"urlTemplate\":\"https:\\\/\\\/www.gaestehaus-hopp-binz.de\\\/ruegen\\\/?s={search_term_string}\"},\"query-input\":{\"@type\":\"PropertyValueSpecification\",\"valueRequired\":true,\"valueName\":\"search_term_string\"}}],\"inLanguage\":\"de\"}]}<\/script>\n<!-- \/ Yoast SEO plugin. -->","yoast_head_json":{"title":"Anreise - G\u00e4stehaus Hopp in Binz auf R\u00fcgen - Deutschland","description":"Anreise mi Auto, Zug oder sogar per Flug ist m\u00f6glich. Das G\u00e4stehaus Hopp in Binz auf R\u00fcgen - Deutschlands gr\u00f6\u00dfte Insel, freut sich auf Sie!","robots":{"index":"index","follow":"follow","max-snippet":"max-snippet:-1","max-image-preview":"max-image-preview:large","max-video-preview":"max-video-preview:-1"},"canonical":"https:\/\/www.gaestehaus-hopp-binz.de\/ruegen\/anreise\/","og_locale":"de_DE","og_type":"article","og_title":"Anreise - G\u00e4stehaus Hopp in Binz auf R\u00fcgen - Deutschland","og_description":"Anreise mi Auto, Zug oder sogar per Flug ist m\u00f6glich. Das G\u00e4stehaus Hopp in Binz auf R\u00fcgen - Deutschlands gr\u00f6\u00dfte Insel, freut sich auf Sie!","og_url":"https:\/\/www.gaestehaus-hopp-binz.de\/ruegen\/anreise\/","og_site_name":"G\u00e4stehaus Hopp - Binz - R\u00fcgen","article_modified_time":"2022-02-25T17:59:04+00:00","twitter_card":"summary_large_image","twitter_misc":{"Gesch\u00e4tzte Lesezeit":"1\u00a0Minute"},"schema":{"@context":"https:\/\/schema.org","@graph":[{"@type":"WebPage","@id":"https:\/\/www.gaestehaus-hopp-binz.de\/ruegen\/anreise\/","url":"https:\/\/www.gaestehaus-hopp-binz.de\/ruegen\/anreise\/","name":"Anreise - G\u00e4stehaus Hopp in Binz auf R\u00fcgen - Deutschland","isPartOf":{"@id":"https:\/\/www.gaestehaus-hopp-binz.de\/ruegen\/#website"},"datePublished":"2016-09-21T08:21:03+00:00","dateModified":"2022-02-25T17:59:04+00:00","description":"Anreise mi Auto, Zug oder sogar per Flug ist m\u00f6glich. Das G\u00e4stehaus Hopp in Binz auf R\u00fcgen - Deutschlands gr\u00f6\u00dfte Insel, freut sich auf Sie!","breadcrumb":{"@id":"https:\/\/www.gaestehaus-hopp-binz.de\/ruegen\/anreise\/#breadcrumb"},"inLanguage":"de","potentialAction":[{"@type":"ReadAction","target":["https:\/\/www.gaestehaus-hopp-binz.de\/ruegen\/anreise\/"]}]},{"@type":"BreadcrumbList","@id":"https:\/\/www.gaestehaus-hopp-binz.de\/ruegen\/anreise\/#breadcrumb","itemListElement":[{"@type":"ListItem","position":1,"name":"Startseite","item":"https:\/\/www.gaestehaus-hopp-binz.de\/ruegen\/"},{"@type":"ListItem","position":2,"name":"Anreise"}]},{"@type":"WebSite","@id":"https:\/\/www.gaestehaus-hopp-binz.de\/ruegen\/#website","url":"https:\/\/www.gaestehaus-hopp-binz.de\/ruegen\/","name":"G\u00e4stehaus Hopp - Binz - R\u00fcgen","description":"","potentialAction":[{"@type":"SearchAction","target":{"@type":"EntryPoint","urlTemplate":"https:\/\/www.gaestehaus-hopp-binz.de\/ruegen\/?s={search_term_string}"},"query-input":{"@type":"PropertyValueSpecification","valueRequired":true,"valueName":"search_term_string"}}],"inLanguage":"de"}]}},"_links":{"self":[{"href":"https:\/\/www.gaestehaus-hopp-binz.de\/ruegen\/wp-json\/wp\/v2\/pages\/40","targetHints":{"allow":["GET"]}}],"collection":[{"href":"https:\/\/www.gaestehaus-hopp-binz.de\/ruegen\/wp-json\/wp\/v2\/pages"}],"about":[{"href":"https:\/\/www.gaestehaus-hopp-binz.de\/ruegen\/wp-json\/wp\/v2\/types\/page"}],"author":[{"embeddable":true,"href":"https:\/\/www.gaestehaus-hopp-binz.de\/ruegen\/wp-json\/wp\/v2\/users\/1"}],"replies":[{"embeddable":true,"href":"https:\/\/www.gaestehaus-hopp-binz.de\/ruegen\/wp-json\/wp\/v2\/comments?post=40"}],"version-history":[{"count":5,"href":"https:\/\/www.gaestehaus-hopp-binz.de\/ruegen\/wp-json\/wp\/v2\/pages\/40\/revisions"}],"predecessor-version":[{"id":232,"href":"https:\/\/www.gaestehaus-hopp-binz.de\/ruegen\/wp-json\/wp\/v2\/pages\/40\/revisions\/232"}],"wp:attachment":[{"href":"https:\/\/www.gaestehaus-hopp-binz.de\/ruegen\/wp-json\/wp\/v2\/media?parent=40"}],"curies":[{"name":"wp","href":"https:\/\/api.w.org\/{rel}","templated":true}]}}