{"id":39,"date":"2016-09-21T10:21:02","date_gmt":"2016-09-21T08:21:02","guid":{"rendered":"http:\/\/www.gaestehaus-hopp-binz.de\/ruegen\/unser-preise\/"},"modified":"2026-03-09T10:35:51","modified_gmt":"2026-03-09T09:35:51","slug":"preise","status":"publish","type":"page","link":"https:\/\/www.gaestehaus-hopp-binz.de\/ruegen\/preise\/","title":{"rendered":"Preise"},"content":{"rendered":"\t\t<div data-elementor-type=\"wp-page\" data-elementor-id=\"39\" class=\"elementor elementor-39\" data-elementor-post-type=\"page\">\n\t\t\t\t\t\t<section class=\"elementor-section elementor-top-section elementor-element elementor-element-6427e72 elementor-section-boxed elementor-section-height-default elementor-section-height-default\" data-id=\"6427e72\" data-element_type=\"section\" data-e-type=\"section\">\n\t\t\t\t\t\t<div class=\"elementor-container elementor-column-gap-default\">\n\t\t\t\t\t<div class=\"elementor-column elementor-col-100 elementor-top-column elementor-element elementor-element-0312804\" data-id=\"0312804\" data-element_type=\"column\" data-e-type=\"column\">\n\t\t\t<div class=\"elementor-widget-wrap elementor-element-populated\">\n\t\t\t\t\t\t<div class=\"elementor-element elementor-element-fac1a7d elementor-widget elementor-widget-heading\" data-id=\"fac1a7d\" data-element_type=\"widget\" data-e-type=\"widget\" data-widget_type=\"heading.default\">\n\t\t\t\t<div class=\"elementor-widget-container\">\n\t\t\t\t\t<h2 class=\"elementor-heading-title elementor-size-default\">Unsere Preise<\/h2>\t\t\t\t<\/div>\n\t\t\t\t<\/div>\n\t\t\t\t\t<\/div>\n\t\t<\/div>\n\t\t\t\t\t<\/div>\n\t\t<\/section>\n\t\t\t\t<section class=\"elementor-section elementor-top-section elementor-element elementor-element-943f5af elementor-section-boxed elementor-section-height-default elementor-section-height-default\" data-id=\"943f5af\" data-element_type=\"section\" data-e-type=\"section\">\n\t\t\t\t\t\t<div class=\"elementor-container elementor-column-gap-default\">\n\t\t\t\t\t<div class=\"elementor-column elementor-col-100 elementor-top-column elementor-element elementor-element-0712bdc\" data-id=\"0712bdc\" data-element_type=\"column\" data-e-type=\"column\">\n\t\t\t<div class=\"elementor-widget-wrap\">\n\t\t\t\t\t\t\t<\/div>\n\t\t<\/div>\n\t\t\t\t\t<\/div>\n\t\t<\/section>\n\t\t\t\t<section class=\"elementor-section elementor-top-section elementor-element elementor-element-3f7e12c elementor-section-boxed elementor-section-height-default elementor-section-height-default\" data-id=\"3f7e12c\" data-element_type=\"section\" data-e-type=\"section\">\n\t\t\t\t\t\t<div class=\"elementor-container elementor-column-gap-default\">\n\t\t\t\t\t<div class=\"elementor-column elementor-col-100 elementor-top-column elementor-element elementor-element-169b302\" data-id=\"169b302\" data-element_type=\"column\" data-e-type=\"column\">\n\t\t\t<div class=\"elementor-widget-wrap elementor-element-populated\">\n\t\t\t\t\t\t<div class=\"elementor-element elementor-element-6b2131e elementor-widget elementor-widget-shortcode\" data-id=\"6b2131e\" data-element_type=\"widget\" data-e-type=\"widget\" data-widget_type=\"shortcode.default\">\n\t\t\t\t<div class=\"elementor-widget-container\">\n\t\t\t\t\t\t\t<div class=\"elementor-shortcode\">\n<table id=\"tablepress-1\" class=\"tablepress tablepress-id-1\">\n<thead>\n<tr class=\"row-1\">\n\t<th class=\"column-1\">Quartier<\/th><th class=\"column-2\">Hauptsaison<br \/>\nJuli-Auguts<\/th><th class=\"column-3\">Nebensaison<br \/>\n01. Mai bis 30. Juni <br \/>\nSep. bis 15 Okt.<\/th><th class=\"column-4\">Fr\u00fchjahr<br \/>\nHerbst<br \/>\nWinter<\/th><th class=\"column-5\">Jahreswechsel<br \/>\n15. Dez. - 15. Jan.<\/th>\n<\/tr>\n<\/thead>\n<tbody class=\"row-striping row-hover\">\n<tr class=\"row-2\">\n\t<td class=\"column-1\">Fereienwohnung<\/td><td class=\"column-2\">100<\/td><td class=\"column-3\">90<\/td><td class=\"column-4\">75<\/td><td class=\"column-5\">90<\/td>\n<\/tr>\n<tr class=\"row-3\">\n\t<td class=\"column-1\">3 - Bettzimmer<\/td><td class=\"column-2\">55<\/td><td class=\"column-3\">55<\/td><td class=\"column-4\">50<\/td><td class=\"column-5\">-<\/td>\n<\/tr>\n<tr class=\"row-4\">\n\t<td class=\"column-1\">2 - Bettzimmer<\/td><td class=\"column-2\">38<\/td><td class=\"column-3\">38<\/td><td class=\"column-4\">35<\/td><td class=\"column-5\">-<\/td>\n<\/tr>\n<tr class=\"row-5\">\n\t<td class=\"column-1\">Gartenhaus<\/td><td class=\"column-2\">55<\/td><td class=\"column-3\">55<\/td><td class=\"column-4\">Keine Belegung<\/td><td class=\"column-5\">Keine Belegung<\/td>\n<\/tr>\n<tr class=\"row-6\">\n\t<td class=\"column-1\"><\/td><td class=\"column-2\"><\/td><td class=\"column-3\"><\/td><td class=\"column-4\"><\/td><td class=\"column-5\"><\/td>\n<\/tr>\n<\/tbody>\n<\/table>\n<!-- #tablepress-1 from cache --><\/div>\n\t\t\t\t\t\t<\/div>\n\t\t\t\t<\/div>\n\t\t\t\t\t<\/div>\n\t\t<\/div>\n\t\t\t\t\t<\/div>\n\t\t<\/section>\n\t\t\t\t<section class=\"elementor-section elementor-top-section elementor-element elementor-element-fc43025 elementor-section-boxed elementor-section-height-default elementor-section-height-default\" data-id=\"fc43025\" data-element_type=\"section\" data-e-type=\"section\">\n\t\t\t\t\t\t<div class=\"elementor-container elementor-column-gap-default\">\n\t\t\t\t\t<div class=\"elementor-column elementor-col-100 elementor-top-column elementor-element elementor-element-a091402\" data-id=\"a091402\" data-element_type=\"column\" data-e-type=\"column\">\n\t\t\t<div class=\"elementor-widget-wrap elementor-element-populated\">\n\t\t\t\t\t\t<div class=\"elementor-element elementor-element-bac0769 elementor-widget elementor-widget-text-editor\" data-id=\"bac0769\" data-element_type=\"widget\" data-e-type=\"widget\" data-widget_type=\"text-editor.default\">\n\t\t\t\t<div class=\"elementor-widget-container\">\n\t\t\t\t\t\t\t\t\t<p><em>Preise inklusive 19% MwSt<\/em><\/p>\n<p><strong>Staffelung nach Personenanzahl in der FeWo<\/strong> <br \/>Die ausgeschriebenen Preise gelten f\u00fcr 2 Personen, f\u00fcr jede weitere Person berechnen wir 10\u20ac mehr auf den ausgeschriebenen Preis. Daf\u00fcr gibt es in der FeWo keine Energiepauschale. Die maximale Personenzahl in der FoWo sind 4 Personen. Aufbettungen sind in den Quartieren nicht m\u00f6glich!<\/p>\n<ul>\n<li>Die Energiepauschale bei allen anderen Quartieren gilt bis Ende 2026 und betr\u00e4gt 20\u20ac pro Person und angefangene Woche.<\/li>\n<li>Parkpl\u00e4tze auf dem Grundst\u00fcck sind soweit vorhanden bereits im Zimmerpreis.<\/li>\n<li>Ein Hund ist gegen ein geringes Endgeld m\u00f6glich. Wir bitten aber um vorherige Anfrage.<\/li>\n<li>Sch\u00e4den durch das Tier sind durch den Halter zu tragen.<\/li>\n<\/ul>\n<div class=\"art-content-layout\">\n<div class=\"art-content-layout-row\">\n<div class=\"art-layout-cell\" style=\"width: 100%;\">\n<h2>Weitere Informationen<\/h2>\n<p><\/p>\n<p>Im Amtsblatt Nr. 2021-01 vom 21.01.2021 hat die Gemeinde Ostseebad Binz<br \/>die Neufassung der Satzung \u00fcber die Erhebung einer Kurabgabe in der<br \/>Gemeinde Ostseebad Binz (Kurabgabensatzung) f\u00fcr den Zeitraum 01.01.2021 bis 31.12.2021 bekanntgegeben.<\/p>\n<p><\/p>\n<p><\/p>\n<h3 class=\"wp-block-heading\"><strong>Auszug (ohne Gew\u00e4hr)<\/strong><\/h3>\n<p><\/p>\n<p><\/p>\n<ul class=\"wp-block-list\">\n<li>Die Kurabgabe betr\u00e4gt je Person <em>ab 3 Jahre<\/em> (Vollzahler) 3,40 \u20ac,<br \/>Kinder bis 2 Jahre sind befreit<\/li>\n<li>Personen mit einem <em>Behinderungsgrad von 100<\/em> sind befreit, f\u00fcr<br \/>deren Begleitpersonen betr\u00e4gt die Kurabgabe 3,40 \u20ac<\/li>\n<li>Verwandtschaft 1. Grades ist bei unentgeltlicher Unterbringung in<br \/>der Hausgemeinschaft <em>nicht<\/em> von der Zahlung der Kurabgabe befreit.<\/li>\n<\/ul>\n<p><\/p>\n<p><\/p>\n<p><strong>F\u00fcr mitgebrachte Hunde<\/strong> ist unabh\u00e4ngig von der Reisezeit ganzj\u00e4hrig eine Aufenthaltsabgabe in H\u00f6he von 1,00 \u20ac pro Tag zu entrichten (max. 30,00 \u20ac pro Jahr).<\/p>\n<p><\/p>\n<p><\/p>\n<p><strong>Alle Angaben zur Kurabgabe und Kurkarte finden Sie unter diesem Link:<\/strong><br \/><a href=\"https:\/\/gemeinde-binz.de\/tourismus\/binzer-bucht-tourismus\/binzer-bucht-card\/\" target=\"_blank\" rel=\"noopener\">https:\/\/gemeinde-binz.de\/tourismus\/binzer-bucht-tourismus\/binzer-bucht-card\/<\/a><\/p>\n<p><\/p>\n<p><\/p>\n<p><strong>Die Kurkarten stellen wir f\u00fcr Sie bei Ankunft aus.<\/strong><\/p>\n<\/div>\n<\/div>\n<\/div>\t\t\t\t\t\t\t\t<\/div>\n\t\t\t\t<\/div>\n\t\t\t\t\t<\/div>\n\t\t<\/div>\n\t\t\t\t\t<\/div>\n\t\t<\/section>\n\t\t\t\t<\/div>\n\t\t","protected":false},"excerpt":{"rendered":"<p>Unsere Preise Preise inklusive 19% MwSt Staffelung nach Personenanzahl in der FeWo Die ausgeschriebenen Preise gelten f\u00fcr 2 Personen, f\u00fcr jede weitere Person berechnen wir 10\u20ac mehr auf den ausgeschriebenen Preis. Daf\u00fcr gibt es in der FeWo keine Energiepauschale. Die maximale Personenzahl in der FoWo sind 4 Personen. Aufbettungen sind in den Quartieren nicht m\u00f6glich! [&hellip;]<\/p>\n","protected":false},"author":1,"featured_media":0,"parent":0,"menu_order":5,"comment_status":"closed","ping_status":"closed","template":"","meta":{"_themeisle_gutenberg_block_has_review":false,"footnotes":""},"class_list":["post-39","page","type-page","status-publish","hentry"],"yoast_head":"<!-- This site is optimized with the Yoast SEO plugin v27.3 - https:\/\/yoast.com\/product\/yoast-seo-wordpress\/ -->\n<title>Preise - G\u00e4stehaus Hopp in Binz auf R\u00fcgen - Deutschland<\/title>\n<meta name=\"description\" content=\"Unsere Preise bewegen sich von 30.- bis 90.- Euro je Ausf\u00fchrung und Saison. Genaue Preise auf der Homepage Preise - G\u00e4stehaus Hopp in Binz auf R\u00fcgen.\" \/>\n<meta name=\"robots\" content=\"index, follow, max-snippet:-1, max-image-preview:large, max-video-preview:-1\" \/>\n<link rel=\"canonical\" href=\"https:\/\/www.gaestehaus-hopp-binz.de\/ruegen\/preise\/\" \/>\n<meta property=\"og:locale\" content=\"de_DE\" \/>\n<meta property=\"og:type\" content=\"article\" \/>\n<meta property=\"og:title\" content=\"Preise - G\u00e4stehaus Hopp in Binz auf R\u00fcgen - Deutschland\" \/>\n<meta property=\"og:description\" content=\"Unsere Preise bewegen sich von 30.- bis 90.- Euro je Ausf\u00fchrung und Saison. Genaue Preise auf der Homepage Preise - G\u00e4stehaus Hopp in Binz auf R\u00fcgen.\" \/>\n<meta property=\"og:url\" content=\"https:\/\/www.gaestehaus-hopp-binz.de\/ruegen\/preise\/\" \/>\n<meta property=\"og:site_name\" content=\"G\u00e4stehaus Hopp - Binz - R\u00fcgen\" \/>\n<meta property=\"article:modified_time\" content=\"2026-03-09T09:35:51+00:00\" \/>\n<meta name=\"twitter:card\" content=\"summary_large_image\" \/>\n<meta name=\"twitter:label1\" content=\"Gesch\u00e4tzte Lesezeit\" \/>\n\t<meta name=\"twitter:data1\" content=\"2\u00a0Minuten\" \/>\n<script type=\"application\/ld+json\" class=\"yoast-schema-graph\">{\"@context\":\"https:\\\/\\\/schema.org\",\"@graph\":[{\"@type\":\"WebPage\",\"@id\":\"https:\\\/\\\/www.gaestehaus-hopp-binz.de\\\/ruegen\\\/preise\\\/\",\"url\":\"https:\\\/\\\/www.gaestehaus-hopp-binz.de\\\/ruegen\\\/preise\\\/\",\"name\":\"Preise - G\u00e4stehaus Hopp in Binz auf R\u00fcgen - Deutschland\",\"isPartOf\":{\"@id\":\"https:\\\/\\\/www.gaestehaus-hopp-binz.de\\\/ruegen\\\/#website\"},\"datePublished\":\"2016-09-21T08:21:02+00:00\",\"dateModified\":\"2026-03-09T09:35:51+00:00\",\"description\":\"Unsere Preise bewegen sich von 30.- bis 90.- Euro je Ausf\u00fchrung und Saison. Genaue Preise auf der Homepage Preise - G\u00e4stehaus Hopp in Binz auf R\u00fcgen.\",\"breadcrumb\":{\"@id\":\"https:\\\/\\\/www.gaestehaus-hopp-binz.de\\\/ruegen\\\/preise\\\/#breadcrumb\"},\"inLanguage\":\"de\",\"potentialAction\":[{\"@type\":\"ReadAction\",\"target\":[\"https:\\\/\\\/www.gaestehaus-hopp-binz.de\\\/ruegen\\\/preise\\\/\"]}]},{\"@type\":\"BreadcrumbList\",\"@id\":\"https:\\\/\\\/www.gaestehaus-hopp-binz.de\\\/ruegen\\\/preise\\\/#breadcrumb\",\"itemListElement\":[{\"@type\":\"ListItem\",\"position\":1,\"name\":\"Startseite\",\"item\":\"https:\\\/\\\/www.gaestehaus-hopp-binz.de\\\/ruegen\\\/\"},{\"@type\":\"ListItem\",\"position\":2,\"name\":\"Preise\"}]},{\"@type\":\"WebSite\",\"@id\":\"https:\\\/\\\/www.gaestehaus-hopp-binz.de\\\/ruegen\\\/#website\",\"url\":\"https:\\\/\\\/www.gaestehaus-hopp-binz.de\\\/ruegen\\\/\",\"name\":\"G\u00e4stehaus Hopp - Binz - R\u00fcgen\",\"description\":\"\",\"potentialAction\":[{\"@type\":\"SearchAction\",\"target\":{\"@type\":\"EntryPoint\",\"urlTemplate\":\"https:\\\/\\\/www.gaestehaus-hopp-binz.de\\\/ruegen\\\/?s={search_term_string}\"},\"query-input\":{\"@type\":\"PropertyValueSpecification\",\"valueRequired\":true,\"valueName\":\"search_term_string\"}}],\"inLanguage\":\"de\"}]}<\/script>\n<!-- \/ Yoast SEO plugin. -->","yoast_head_json":{"title":"Preise - G\u00e4stehaus Hopp in Binz auf R\u00fcgen - Deutschland","description":"Unsere Preise bewegen sich von 30.- bis 90.- Euro je Ausf\u00fchrung und Saison. Genaue Preise auf der Homepage Preise - G\u00e4stehaus Hopp in Binz auf R\u00fcgen.","robots":{"index":"index","follow":"follow","max-snippet":"max-snippet:-1","max-image-preview":"max-image-preview:large","max-video-preview":"max-video-preview:-1"},"canonical":"https:\/\/www.gaestehaus-hopp-binz.de\/ruegen\/preise\/","og_locale":"de_DE","og_type":"article","og_title":"Preise - G\u00e4stehaus Hopp in Binz auf R\u00fcgen - Deutschland","og_description":"Unsere Preise bewegen sich von 30.- bis 90.- Euro je Ausf\u00fchrung und Saison. Genaue Preise auf der Homepage Preise - G\u00e4stehaus Hopp in Binz auf R\u00fcgen.","og_url":"https:\/\/www.gaestehaus-hopp-binz.de\/ruegen\/preise\/","og_site_name":"G\u00e4stehaus Hopp - Binz - R\u00fcgen","article_modified_time":"2026-03-09T09:35:51+00:00","twitter_card":"summary_large_image","twitter_misc":{"Gesch\u00e4tzte Lesezeit":"2\u00a0Minuten"},"schema":{"@context":"https:\/\/schema.org","@graph":[{"@type":"WebPage","@id":"https:\/\/www.gaestehaus-hopp-binz.de\/ruegen\/preise\/","url":"https:\/\/www.gaestehaus-hopp-binz.de\/ruegen\/preise\/","name":"Preise - G\u00e4stehaus Hopp in Binz auf R\u00fcgen - Deutschland","isPartOf":{"@id":"https:\/\/www.gaestehaus-hopp-binz.de\/ruegen\/#website"},"datePublished":"2016-09-21T08:21:02+00:00","dateModified":"2026-03-09T09:35:51+00:00","description":"Unsere Preise bewegen sich von 30.- bis 90.- Euro je Ausf\u00fchrung und Saison. Genaue Preise auf der Homepage Preise - G\u00e4stehaus Hopp in Binz auf R\u00fcgen.","breadcrumb":{"@id":"https:\/\/www.gaestehaus-hopp-binz.de\/ruegen\/preise\/#breadcrumb"},"inLanguage":"de","potentialAction":[{"@type":"ReadAction","target":["https:\/\/www.gaestehaus-hopp-binz.de\/ruegen\/preise\/"]}]},{"@type":"BreadcrumbList","@id":"https:\/\/www.gaestehaus-hopp-binz.de\/ruegen\/preise\/#breadcrumb","itemListElement":[{"@type":"ListItem","position":1,"name":"Startseite","item":"https:\/\/www.gaestehaus-hopp-binz.de\/ruegen\/"},{"@type":"ListItem","position":2,"name":"Preise"}]},{"@type":"WebSite","@id":"https:\/\/www.gaestehaus-hopp-binz.de\/ruegen\/#website","url":"https:\/\/www.gaestehaus-hopp-binz.de\/ruegen\/","name":"G\u00e4stehaus Hopp - Binz - R\u00fcgen","description":"","potentialAction":[{"@type":"SearchAction","target":{"@type":"EntryPoint","urlTemplate":"https:\/\/www.gaestehaus-hopp-binz.de\/ruegen\/?s={search_term_string}"},"query-input":{"@type":"PropertyValueSpecification","valueRequired":true,"valueName":"search_term_string"}}],"inLanguage":"de"}]}},"_links":{"self":[{"href":"https:\/\/www.gaestehaus-hopp-binz.de\/ruegen\/wp-json\/wp\/v2\/pages\/39","targetHints":{"allow":["GET"]}}],"collection":[{"href":"https:\/\/www.gaestehaus-hopp-binz.de\/ruegen\/wp-json\/wp\/v2\/pages"}],"about":[{"href":"https:\/\/www.gaestehaus-hopp-binz.de\/ruegen\/wp-json\/wp\/v2\/types\/page"}],"author":[{"embeddable":true,"href":"https:\/\/www.gaestehaus-hopp-binz.de\/ruegen\/wp-json\/wp\/v2\/users\/1"}],"replies":[{"embeddable":true,"href":"https:\/\/www.gaestehaus-hopp-binz.de\/ruegen\/wp-json\/wp\/v2\/comments?post=39"}],"version-history":[{"count":26,"href":"https:\/\/www.gaestehaus-hopp-binz.de\/ruegen\/wp-json\/wp\/v2\/pages\/39\/revisions"}],"predecessor-version":[{"id":371,"href":"https:\/\/www.gaestehaus-hopp-binz.de\/ruegen\/wp-json\/wp\/v2\/pages\/39\/revisions\/371"}],"wp:attachment":[{"href":"https:\/\/www.gaestehaus-hopp-binz.de\/ruegen\/wp-json\/wp\/v2\/media?parent=39"}],"curies":[{"name":"wp","href":"https:\/\/api.w.org\/{rel}","templated":true}]}}