{"id":38,"date":"2016-09-21T10:21:01","date_gmt":"2016-09-21T08:21:01","guid":{"rendered":"http:\/\/www.gaestehaus-hopp-binz.de\/ruegen\/gartenhaus\/"},"modified":"2022-02-25T17:51:29","modified_gmt":"2022-02-25T16:51:29","slug":"gartenhaus","status":"publish","type":"page","link":"https:\/\/www.gaestehaus-hopp-binz.de\/ruegen\/gartenhaus\/","title":{"rendered":"Gartenhaus"},"content":{"rendered":"\t\t<div data-elementor-type=\"wp-page\" data-elementor-id=\"38\" class=\"elementor elementor-38\" data-elementor-post-type=\"page\">\n\t\t\t\t\t\t<section class=\"elementor-section elementor-top-section elementor-element elementor-element-3ac02f3d elementor-section-boxed elementor-section-height-default elementor-section-height-default\" data-id=\"3ac02f3d\" data-element_type=\"section\" data-e-type=\"section\">\n\t\t\t\t\t\t<div class=\"elementor-container elementor-column-gap-default\">\n\t\t\t\t\t<div class=\"elementor-column elementor-col-100 elementor-top-column elementor-element elementor-element-5cfcabe1\" data-id=\"5cfcabe1\" data-element_type=\"column\" data-e-type=\"column\">\n\t\t\t<div class=\"elementor-widget-wrap elementor-element-populated\">\n\t\t\t\t\t\t<div class=\"elementor-element elementor-element-2ea9ff0d elementor-widget elementor-widget-text-editor\" data-id=\"2ea9ff0d\" data-element_type=\"widget\" data-e-type=\"widget\" data-widget_type=\"text-editor.default\">\n\t\t\t\t<div class=\"elementor-widget-container\">\n\t\t\t\t\t\t\t\t\t<div class=\"art-content-layout\"><div class=\"art-content-layout-row\"><div class=\"art-layout-cell layout-item-0\" style=\"width: 100%;\">\u00a0<\/div><\/div><\/div><div class=\"art-content-layout\"><div class=\"art-content-layout-row\"><div class=\"art-layout-cell layout-item-0\" style=\"width: 100%;\"><h1>Gartenhaus<\/h1><\/div><\/div><\/div><div class=\"art-content-layout-br layout-item-1\">\u00a0<\/div><div class=\"art-content-layout\"><div class=\"art-content-layout-row\"><div class=\"art-layout-cell\" style=\"width: 50%;\"><p><img fetchpriority=\"high\" decoding=\"async\" class=\"art-lightbox alignnone\" title=\"Gartenhaus - G\u00e4stehaus Hopp - Binz auf R\u00fcgen\" src=\"http:\/\/www.gaestehaus-hopp-binz.de\/ruegen\/wp-content\/uploads\/2016\/09\/Gaestehaus-Hopp-Binz-auf-Ruegen_Gartenhaus-9.jpg\" alt=\"Gartenhaus - G\u00e4stehaus Hopp - Binz auf R\u00fcgen\" width=\"455\" height=\"341\" \/><\/p><\/div><div class=\"art-layout-cell\" style=\"width: 50%;\"><h2>Unser Gartenhaus<\/h2><ul><li>ca. 24 Quadratmeter<\/li><li>f\u00fcr zwei Personen<\/li><li>Separater Zugang<\/li><li>ruhige Lage<\/li><li>hochwertige Ausstattung<\/li><li>Nasszelle mit Dusche &amp; WC<br \/>Kochm\u00f6glichkeiten, K\u00fchlschrank,<br \/>Kaffeemaschine, Mikrowelle<\/li><li>Sie k\u00f6nnen die Sonnenecke und<br \/>Grillm\u00f6glichkeiten im Garten nutzen.<\/li><\/ul><p><span style=\"font-weight: bold;\">Ein Fr\u00fchst\u00fccksservice wird nicht geboten<\/span><\/p><\/div><\/div><\/div><div class=\"art-content-layout\"><div class=\"art-content-layout-row\"><div class=\"art-layout-cell\" style=\"width: 33%;\"><p><img decoding=\"async\" class=\"art-lightbox alignnone\" title=\"Gartenhaus - G\u00e4stehaus Hopp - Binz auf R\u00fcgen\" src=\"http:\/\/www.gaestehaus-hopp-binz.de\/ruegen\/wp-content\/uploads\/2016\/09\/Gaestehaus-Hopp-Binz-auf-Ruegen_Gartenhaus-3.jpg\" alt=\"Gartenhaus - G\u00e4stehaus Hopp - Binz auf R\u00fcgen\" width=\"284\" height=\"213\" \/><\/p><\/div><div class=\"art-layout-cell\" style=\"width: 34%;\"><p><img decoding=\"async\" class=\"art-lightbox alignnone\" title=\"Gartenhaus - G\u00e4stehaus Hopp - Binz auf R\u00fcgen\" src=\"http:\/\/www.gaestehaus-hopp-binz.de\/ruegen\/wp-content\/uploads\/2016\/09\/Gaestehaus-Hopp-Binz-auf-Ruegen_Gartenhaus-2.jpg\" alt=\"Gartenhaus - G\u00e4stehaus Hopp - Binz auf R\u00fcgen\" width=\"284\" height=\"213\" \/><\/p><\/div><div class=\"art-layout-cell\" style=\"width: 33%;\"><p><img loading=\"lazy\" decoding=\"async\" class=\"art-lightbox alignnone\" title=\"Gartenhaus - G\u00e4stehaus Hopp - Binz auf R\u00fcgen\" src=\"http:\/\/www.gaestehaus-hopp-binz.de\/ruegen\/wp-content\/uploads\/2016\/09\/Gaestehaus-Hopp-Binz-auf-Ruegen_Gartenhaus-4.jpg\" alt=\"Gartenhaus - G\u00e4stehaus Hopp - Binz auf R\u00fcgen\" width=\"284\" height=\"213\" \/><\/p><\/div><\/div><\/div>\t\t\t\t\t\t\t\t<\/div>\n\t\t\t\t<\/div>\n\t\t\t\t\t<\/div>\n\t\t<\/div>\n\t\t\t\t\t<\/div>\n\t\t<\/section>\n\t\t\t\t<section class=\"elementor-section elementor-top-section elementor-element elementor-element-6fa3e57 elementor-section-boxed elementor-section-height-default elementor-section-height-default\" data-id=\"6fa3e57\" data-element_type=\"section\" data-e-type=\"section\">\n\t\t\t\t\t\t<div class=\"elementor-container elementor-column-gap-default\">\n\t\t\t\t\t<div class=\"elementor-column elementor-col-100 elementor-top-column elementor-element elementor-element-f98f793\" data-id=\"f98f793\" data-element_type=\"column\" data-e-type=\"column\">\n\t\t\t<div class=\"elementor-widget-wrap elementor-element-populated\">\n\t\t\t\t\t\t<div class=\"elementor-element elementor-element-27a7456 elementor-widget elementor-widget-heading\" data-id=\"27a7456\" data-element_type=\"widget\" data-e-type=\"widget\" data-widget_type=\"heading.default\">\n\t\t\t\t<div class=\"elementor-widget-container\">\n\t\t\t\t\t<h2 class=\"elementor-heading-title elementor-size-default\">Weitere Informationen<\/h2>\t\t\t\t<\/div>\n\t\t\t\t<\/div>\n\t\t\t\t\t<\/div>\n\t\t<\/div>\n\t\t\t\t\t<\/div>\n\t\t<\/section>\n\t\t\t\t<section class=\"elementor-section elementor-top-section elementor-element elementor-element-5370cf4 elementor-section-boxed elementor-section-height-default elementor-section-height-default\" data-id=\"5370cf4\" data-element_type=\"section\" data-e-type=\"section\">\n\t\t\t\t\t\t<div class=\"elementor-container elementor-column-gap-default\">\n\t\t\t\t\t<div class=\"elementor-column elementor-col-100 elementor-top-column elementor-element elementor-element-b3d65f2\" data-id=\"b3d65f2\" data-element_type=\"column\" data-e-type=\"column\">\n\t\t\t<div class=\"elementor-widget-wrap elementor-element-populated\">\n\t\t\t\t\t\t<div class=\"elementor-element elementor-element-33a8a3a elementor-widget elementor-widget-text-editor\" data-id=\"33a8a3a\" data-element_type=\"widget\" data-e-type=\"widget\" data-widget_type=\"text-editor.default\">\n\t\t\t\t<div class=\"elementor-widget-container\">\n\t\t\t\t\t\t\t\t\t<div class=\"art-layout-cell\" style=\"width: 50%;\"><ul><li>Die Zimmer haben alle Kabel TV und WLAN<\/li><li>Die Betten sind bezogen<\/li><li>1 Duschhandtuch und 2 Handt\u00fccher pro Woche werden pro Person gestellt. (Bei Buchung von 14\/21 Tagen w\u00f6chentlicher. Wechsel). Weitere ben\u00f6tigte Handt\u00fccher und Strandauflagen bitt selbst mitbringen!<\/li><li>Sandstrand 7 Wegminuten zu Fu\u00df erreichbar<\/li><li>Zentrum 10 Wegminuten zu Fu\u00df erreichbar<\/li><\/ul><\/div><div class=\"art-layout-cell\" style=\"width: 50%;\"><ul><li>Hund ist gegen ein geringes Endgeld m\u00f6glich. Wir bitten aber um vorherige Anfrage. Sch\u00e4den durch das Tier sind durch den Halter zu tragen<\/li><li>Endreinigung im Preis inbegriffen<\/li><li>Parkm\u00f6glichkeiten stehen auf dem Grundst\u00fcck m\u00f6glich, soweit Verf\u00fcgbar. Sonst auf \u00f6ffentlichen Parkpl\u00e4tzen und im Parkhaus Binz.<\/li><\/ul><\/div>\t\t\t\t\t\t\t\t<\/div>\n\t\t\t\t<\/div>\n\t\t\t\t\t<\/div>\n\t\t<\/div>\n\t\t\t\t\t<\/div>\n\t\t<\/section>\n\t\t\t\t<section class=\"elementor-section elementor-top-section elementor-element elementor-element-ff1a2d1 elementor-section-boxed elementor-section-height-default elementor-section-height-default\" data-id=\"ff1a2d1\" data-element_type=\"section\" data-e-type=\"section\">\n\t\t\t\t\t\t<div class=\"elementor-container elementor-column-gap-default\">\n\t\t\t\t\t<div class=\"elementor-column elementor-col-100 elementor-top-column elementor-element elementor-element-d044e05\" data-id=\"d044e05\" data-element_type=\"column\" data-e-type=\"column\">\n\t\t\t<div class=\"elementor-widget-wrap elementor-element-populated\">\n\t\t\t\t\t\t<div class=\"elementor-element elementor-element-c87f010 elementor-align-center elementor-widget elementor-widget-button\" data-id=\"c87f010\" data-element_type=\"widget\" data-e-type=\"widget\" data-widget_type=\"button.default\">\n\t\t\t\t<div class=\"elementor-widget-container\">\n\t\t\t\t\t\t\t\t\t<div class=\"elementor-button-wrapper\">\n\t\t\t\t\t<a class=\"elementor-button elementor-button-link elementor-size-sm\" href=\"https:\/\/binzer-bucht.de\/corona\/\" target=\"_blank\">\n\t\t\t\t\t\t<span class=\"elementor-button-content-wrapper\">\n\t\t\t\t\t\t\t\t\t<span class=\"elementor-button-text\">Corona-Infos-Binzer-Bucht<\/span>\n\t\t\t\t\t<\/span>\n\t\t\t\t\t<\/a>\n\t\t\t\t<\/div>\n\t\t\t\t\t\t\t\t<\/div>\n\t\t\t\t<\/div>\n\t\t\t\t\t<\/div>\n\t\t<\/div>\n\t\t\t\t\t<\/div>\n\t\t<\/section>\n\t\t\t\t<\/div>\n\t\t","protected":false},"excerpt":{"rendered":"<p>\u00a0 Gartenhaus \u00a0 Unser Gartenhaus ca. 24 Quadratmeter f\u00fcr zwei Personen Separater Zugang ruhige Lage hochwertige Ausstattung Nasszelle mit Dusche &amp; WCKochm\u00f6glichkeiten, K\u00fchlschrank,Kaffeemaschine, Mikrowelle Sie k\u00f6nnen die Sonnenecke undGrillm\u00f6glichkeiten im Garten nutzen. Ein Fr\u00fchst\u00fccksservice wird nicht geboten Weitere Informationen Die Zimmer haben alle Kabel TV und WLAN Die Betten sind bezogen 1 Duschhandtuch und 2 [&hellip;]<\/p>\n","protected":false},"author":1,"featured_media":0,"parent":0,"menu_order":4,"comment_status":"closed","ping_status":"closed","template":"","meta":{"_themeisle_gutenberg_block_has_review":false,"footnotes":""},"class_list":["post-38","page","type-page","status-publish","hentry"],"yoast_head":"<!-- This site is optimized with the Yoast SEO plugin v27.6 - https:\/\/yoast.com\/product\/yoast-seo-wordpress\/ -->\n<title>Gartenhaus - G\u00e4stehaus Hopp - Binz auf R\u00fcgen - Deutschland<\/title>\n<meta name=\"description\" content=\"Unser Gartenhaus mit ca. 24 Quadratmeter ist geeignet f\u00fcr zwei Personen. Separater Zugang, ruhige Lage, hochwertige Ausstattung.\" \/>\n<meta name=\"robots\" content=\"index, follow, max-snippet:-1, max-image-preview:large, max-video-preview:-1\" \/>\n<link rel=\"canonical\" href=\"https:\/\/www.gaestehaus-hopp-binz.de\/ruegen\/gartenhaus\/\" \/>\n<meta property=\"og:locale\" content=\"de_DE\" \/>\n<meta property=\"og:type\" content=\"article\" \/>\n<meta property=\"og:title\" content=\"Gartenhaus - G\u00e4stehaus Hopp - Binz auf R\u00fcgen - Deutschland\" \/>\n<meta property=\"og:description\" content=\"Unser Gartenhaus mit ca. 24 Quadratmeter ist geeignet f\u00fcr zwei Personen. Separater Zugang, ruhige Lage, hochwertige Ausstattung.\" \/>\n<meta property=\"og:url\" content=\"https:\/\/www.gaestehaus-hopp-binz.de\/ruegen\/gartenhaus\/\" \/>\n<meta property=\"og:site_name\" content=\"G\u00e4stehaus Hopp - Binz - R\u00fcgen\" \/>\n<meta property=\"article:modified_time\" content=\"2022-02-25T16:51:29+00:00\" \/>\n<meta property=\"og:image\" content=\"http:\/\/www.gaestehaus-hopp-binz.de\/ruegen\/wp-content\/uploads\/2016\/09\/Gaestehaus-Hopp-Binz-auf-Ruegen_Gartenhaus-9.jpg\" \/>\n<meta name=\"twitter:card\" content=\"summary_large_image\" \/>\n<meta name=\"twitter:label1\" content=\"Gesch\u00e4tzte Lesezeit\" \/>\n\t<meta name=\"twitter:data1\" content=\"2\u00a0Minuten\" \/>\n<script type=\"application\/ld+json\" class=\"yoast-schema-graph\">{\"@context\":\"https:\\\/\\\/schema.org\",\"@graph\":[{\"@type\":\"WebPage\",\"@id\":\"https:\\\/\\\/www.gaestehaus-hopp-binz.de\\\/ruegen\\\/gartenhaus\\\/\",\"url\":\"https:\\\/\\\/www.gaestehaus-hopp-binz.de\\\/ruegen\\\/gartenhaus\\\/\",\"name\":\"Gartenhaus - G\u00e4stehaus Hopp - Binz auf R\u00fcgen - Deutschland\",\"isPartOf\":{\"@id\":\"https:\\\/\\\/www.gaestehaus-hopp-binz.de\\\/ruegen\\\/#website\"},\"primaryImageOfPage\":{\"@id\":\"https:\\\/\\\/www.gaestehaus-hopp-binz.de\\\/ruegen\\\/gartenhaus\\\/#primaryimage\"},\"image\":{\"@id\":\"https:\\\/\\\/www.gaestehaus-hopp-binz.de\\\/ruegen\\\/gartenhaus\\\/#primaryimage\"},\"thumbnailUrl\":\"http:\\\/\\\/www.gaestehaus-hopp-binz.de\\\/ruegen\\\/wp-content\\\/uploads\\\/2016\\\/09\\\/Gaestehaus-Hopp-Binz-auf-Ruegen_Gartenhaus-9.jpg\",\"datePublished\":\"2016-09-21T08:21:01+00:00\",\"dateModified\":\"2022-02-25T16:51:29+00:00\",\"description\":\"Unser Gartenhaus mit ca. 24 Quadratmeter ist geeignet f\u00fcr zwei Personen. Separater Zugang, ruhige Lage, hochwertige Ausstattung.\",\"breadcrumb\":{\"@id\":\"https:\\\/\\\/www.gaestehaus-hopp-binz.de\\\/ruegen\\\/gartenhaus\\\/#breadcrumb\"},\"inLanguage\":\"de\",\"potentialAction\":[{\"@type\":\"ReadAction\",\"target\":[\"https:\\\/\\\/www.gaestehaus-hopp-binz.de\\\/ruegen\\\/gartenhaus\\\/\"]}]},{\"@type\":\"ImageObject\",\"inLanguage\":\"de\",\"@id\":\"https:\\\/\\\/www.gaestehaus-hopp-binz.de\\\/ruegen\\\/gartenhaus\\\/#primaryimage\",\"url\":\"http:\\\/\\\/www.gaestehaus-hopp-binz.de\\\/ruegen\\\/wp-content\\\/uploads\\\/2016\\\/09\\\/Gaestehaus-Hopp-Binz-auf-Ruegen_Gartenhaus-9.jpg\",\"contentUrl\":\"http:\\\/\\\/www.gaestehaus-hopp-binz.de\\\/ruegen\\\/wp-content\\\/uploads\\\/2016\\\/09\\\/Gaestehaus-Hopp-Binz-auf-Ruegen_Gartenhaus-9.jpg\"},{\"@type\":\"BreadcrumbList\",\"@id\":\"https:\\\/\\\/www.gaestehaus-hopp-binz.de\\\/ruegen\\\/gartenhaus\\\/#breadcrumb\",\"itemListElement\":[{\"@type\":\"ListItem\",\"position\":1,\"name\":\"Startseite\",\"item\":\"https:\\\/\\\/www.gaestehaus-hopp-binz.de\\\/ruegen\\\/\"},{\"@type\":\"ListItem\",\"position\":2,\"name\":\"Gartenhaus\"}]},{\"@type\":\"WebSite\",\"@id\":\"https:\\\/\\\/www.gaestehaus-hopp-binz.de\\\/ruegen\\\/#website\",\"url\":\"https:\\\/\\\/www.gaestehaus-hopp-binz.de\\\/ruegen\\\/\",\"name\":\"G\u00e4stehaus Hopp - Binz - R\u00fcgen\",\"description\":\"\",\"potentialAction\":[{\"@type\":\"SearchAction\",\"target\":{\"@type\":\"EntryPoint\",\"urlTemplate\":\"https:\\\/\\\/www.gaestehaus-hopp-binz.de\\\/ruegen\\\/?s={search_term_string}\"},\"query-input\":{\"@type\":\"PropertyValueSpecification\",\"valueRequired\":true,\"valueName\":\"search_term_string\"}}],\"inLanguage\":\"de\"}]}<\/script>\n<!-- \/ Yoast SEO plugin. -->","yoast_head_json":{"title":"Gartenhaus - G\u00e4stehaus Hopp - Binz auf R\u00fcgen - Deutschland","description":"Unser Gartenhaus mit ca. 24 Quadratmeter ist geeignet f\u00fcr zwei Personen. Separater Zugang, ruhige Lage, hochwertige Ausstattung.","robots":{"index":"index","follow":"follow","max-snippet":"max-snippet:-1","max-image-preview":"max-image-preview:large","max-video-preview":"max-video-preview:-1"},"canonical":"https:\/\/www.gaestehaus-hopp-binz.de\/ruegen\/gartenhaus\/","og_locale":"de_DE","og_type":"article","og_title":"Gartenhaus - G\u00e4stehaus Hopp - Binz auf R\u00fcgen - Deutschland","og_description":"Unser Gartenhaus mit ca. 24 Quadratmeter ist geeignet f\u00fcr zwei Personen. Separater Zugang, ruhige Lage, hochwertige Ausstattung.","og_url":"https:\/\/www.gaestehaus-hopp-binz.de\/ruegen\/gartenhaus\/","og_site_name":"G\u00e4stehaus Hopp - Binz - R\u00fcgen","article_modified_time":"2022-02-25T16:51:29+00:00","og_image":[{"url":"http:\/\/www.gaestehaus-hopp-binz.de\/ruegen\/wp-content\/uploads\/2016\/09\/Gaestehaus-Hopp-Binz-auf-Ruegen_Gartenhaus-9.jpg","type":"","width":"","height":""}],"twitter_card":"summary_large_image","twitter_misc":{"Gesch\u00e4tzte Lesezeit":"2\u00a0Minuten"},"schema":{"@context":"https:\/\/schema.org","@graph":[{"@type":"WebPage","@id":"https:\/\/www.gaestehaus-hopp-binz.de\/ruegen\/gartenhaus\/","url":"https:\/\/www.gaestehaus-hopp-binz.de\/ruegen\/gartenhaus\/","name":"Gartenhaus - G\u00e4stehaus Hopp - Binz auf R\u00fcgen - Deutschland","isPartOf":{"@id":"https:\/\/www.gaestehaus-hopp-binz.de\/ruegen\/#website"},"primaryImageOfPage":{"@id":"https:\/\/www.gaestehaus-hopp-binz.de\/ruegen\/gartenhaus\/#primaryimage"},"image":{"@id":"https:\/\/www.gaestehaus-hopp-binz.de\/ruegen\/gartenhaus\/#primaryimage"},"thumbnailUrl":"http:\/\/www.gaestehaus-hopp-binz.de\/ruegen\/wp-content\/uploads\/2016\/09\/Gaestehaus-Hopp-Binz-auf-Ruegen_Gartenhaus-9.jpg","datePublished":"2016-09-21T08:21:01+00:00","dateModified":"2022-02-25T16:51:29+00:00","description":"Unser Gartenhaus mit ca. 24 Quadratmeter ist geeignet f\u00fcr zwei Personen. Separater Zugang, ruhige Lage, hochwertige Ausstattung.","breadcrumb":{"@id":"https:\/\/www.gaestehaus-hopp-binz.de\/ruegen\/gartenhaus\/#breadcrumb"},"inLanguage":"de","potentialAction":[{"@type":"ReadAction","target":["https:\/\/www.gaestehaus-hopp-binz.de\/ruegen\/gartenhaus\/"]}]},{"@type":"ImageObject","inLanguage":"de","@id":"https:\/\/www.gaestehaus-hopp-binz.de\/ruegen\/gartenhaus\/#primaryimage","url":"http:\/\/www.gaestehaus-hopp-binz.de\/ruegen\/wp-content\/uploads\/2016\/09\/Gaestehaus-Hopp-Binz-auf-Ruegen_Gartenhaus-9.jpg","contentUrl":"http:\/\/www.gaestehaus-hopp-binz.de\/ruegen\/wp-content\/uploads\/2016\/09\/Gaestehaus-Hopp-Binz-auf-Ruegen_Gartenhaus-9.jpg"},{"@type":"BreadcrumbList","@id":"https:\/\/www.gaestehaus-hopp-binz.de\/ruegen\/gartenhaus\/#breadcrumb","itemListElement":[{"@type":"ListItem","position":1,"name":"Startseite","item":"https:\/\/www.gaestehaus-hopp-binz.de\/ruegen\/"},{"@type":"ListItem","position":2,"name":"Gartenhaus"}]},{"@type":"WebSite","@id":"https:\/\/www.gaestehaus-hopp-binz.de\/ruegen\/#website","url":"https:\/\/www.gaestehaus-hopp-binz.de\/ruegen\/","name":"G\u00e4stehaus Hopp - Binz - R\u00fcgen","description":"","potentialAction":[{"@type":"SearchAction","target":{"@type":"EntryPoint","urlTemplate":"https:\/\/www.gaestehaus-hopp-binz.de\/ruegen\/?s={search_term_string}"},"query-input":{"@type":"PropertyValueSpecification","valueRequired":true,"valueName":"search_term_string"}}],"inLanguage":"de"}]}},"_links":{"self":[{"href":"https:\/\/www.gaestehaus-hopp-binz.de\/ruegen\/wp-json\/wp\/v2\/pages\/38","targetHints":{"allow":["GET"]}}],"collection":[{"href":"https:\/\/www.gaestehaus-hopp-binz.de\/ruegen\/wp-json\/wp\/v2\/pages"}],"about":[{"href":"https:\/\/www.gaestehaus-hopp-binz.de\/ruegen\/wp-json\/wp\/v2\/types\/page"}],"author":[{"embeddable":true,"href":"https:\/\/www.gaestehaus-hopp-binz.de\/ruegen\/wp-json\/wp\/v2\/users\/1"}],"replies":[{"embeddable":true,"href":"https:\/\/www.gaestehaus-hopp-binz.de\/ruegen\/wp-json\/wp\/v2\/comments?post=38"}],"version-history":[{"count":7,"href":"https:\/\/www.gaestehaus-hopp-binz.de\/ruegen\/wp-json\/wp\/v2\/pages\/38\/revisions"}],"predecessor-version":[{"id":208,"href":"https:\/\/www.gaestehaus-hopp-binz.de\/ruegen\/wp-json\/wp\/v2\/pages\/38\/revisions\/208"}],"wp:attachment":[{"href":"https:\/\/www.gaestehaus-hopp-binz.de\/ruegen\/wp-json\/wp\/v2\/media?parent=38"}],"curies":[{"name":"wp","href":"https:\/\/api.w.org\/{rel}","templated":true}]}}